{"id":660,"date":"2011-02-05T01:26:57","date_gmt":"2011-02-04T23:26:57","guid":{"rendered":"http:\/\/www.motorsport-kaefer.de\/?page_id=660"},"modified":"2019-04-28T17:28:12","modified_gmt":"2019-04-28T15:28:12","slug":"motorsport-aktuell","status":"publish","type":"page","link":"https:\/\/www.motorsport-kaefer.de\/?page_id=660","title":{"rendered":"Motorsport"},"content":{"rendered":"<p><strong>Meppen 2018<\/strong><\/p>\n<p>&#x1f3c1; &#x1f929;&#x1f3c1; 1. Aircooled Race Weekend in Meppen: Zum Vorjahr konnte ich meine pers\u00f6nliche Bestzeit &#x1f3c6; um 2,5s auf 1:17 verbessern &#x1f609;<\/p>\n<p>https:\/\/www.facebook.com\/1769911499900344\/videos\/2709525532605598?sfns=mohttps:\/\/www.facebook.com\/1769911499900344\/videos\/2709525532605598?sfns=mo<\/p>\n<p><a href=\"https:\/\/www.facebook.com\/1769911499900344\/videos\/2709525532605598?sfns=mo\">Video Meppen 2018<\/a><\/p>\n<p><strong>&#8211;<\/strong><\/p>\n<p><strong>N\u00fcrburgring 2018<\/strong><\/p>\n<p>Trackday auf dem N\u00fcrburgring GP-Kurs: Der Rote f\u00fchlt sich zwischen den modernen Sportwagen zwar sehr wohl &#x1f609;&#x1f60e;, wartet aber auf eine freie Runde f\u00fcr die pers\u00f6nliche Bestzeitjagt&#x1f644;&#8230;.was dann auch mit 2:26 auch gelingt &#x1f3c6;&#x1f60e;<\/p>\n<p>https:\/\/www.facebook.com\/1769911499900344\/videos\/2678275465730605\/sfns=mo<\/p>\n<p><a href=\"https:\/\/www.facebook.com\/1769911499900344\/videos\/2678275465730605?sfns=mo\">Video N\u00fcrburgring 2018<\/a><\/p>\n<p><strong>&#8211;<\/strong><\/p>\n<p><strong>\u2014\u2014\u2014\u2014\u2014\u2014\u2014\u2014\u2014\u2014\u2014\u2014\u2014\u2014\u2014\u2014\u2014\u2014\u2014\u2014\u2014\u2014\u2014\u2014\u2014\u2014\u2014\u2014\u2014\u2014\u2014\u2014\u2014\u2014\u2014\u2014\u2014\u2014\u2014\u2014\u2014<\/strong><\/p>\n<p><strong>Meppen 2017<\/strong><\/p>\n<p>K\u00e4fer Trackday in Meppen: Racing pur, mit Dreher und allem was dazugeh\u00f6rt &#8230; Schlaltdrehzahl liegt bei 7350 U\/min\u00a0<span class=\"_5mfr\"><span class=\"_6qdm\">&#x1f608;<\/span><\/span>\u00a0mit Zentralnockenwelle wie bei der Corvette<\/p>\n<p>https:\/\/www.facebook.com\/1769911499900344\/videos\/2462466103978210\/sfns=mo<\/p>\n<p><a href=\"https:\/\/www.facebook.com\/1769911499900344\/videos\/2462466103978210?sfns=mo\">Video Meppen 2017<\/a><\/p>\n<p><a href=\"https:\/\/www.motorsport-kaefer.de\/wp-content\/uploads\/C01E2737-B497-4D34-9751-6A800A685EAF.jpeg\"><img loading=\"lazy\" class=\"size-full wp-image-1222 aligncenter\" src=\"https:\/\/www.motorsport-kaefer.de\/wp-content\/uploads\/C01E2737-B497-4D34-9751-6A800A685EAF.jpeg\" alt=\"\" width=\"960\" height=\"572\" srcset=\"https:\/\/www.motorsport-kaefer.de\/wp-content\/uploads\/C01E2737-B497-4D34-9751-6A800A685EAF.jpeg 960w, https:\/\/www.motorsport-kaefer.de\/wp-content\/uploads\/C01E2737-B497-4D34-9751-6A800A685EAF-300x179.jpeg 300w, https:\/\/www.motorsport-kaefer.de\/wp-content\/uploads\/C01E2737-B497-4D34-9751-6A800A685EAF-768x458.jpeg 768w, https:\/\/www.motorsport-kaefer.de\/wp-content\/uploads\/C01E2737-B497-4D34-9751-6A800A685EAF-500x298.jpeg 500w\" sizes=\"(max-width: 767px) 89vw, (max-width: 1000px) 54vw, (max-width: 1071px) 543px, 580px\" \/><\/a> <a href=\"https:\/\/www.motorsport-kaefer.de\/wp-content\/uploads\/C2017F43-9FB1-4681-BCF0-CF1BB086D9D4.jpeg\"><img loading=\"lazy\" class=\"alignleft wp-image-1223 size-full\" src=\"https:\/\/www.motorsport-kaefer.de\/wp-content\/uploads\/C2017F43-9FB1-4681-BCF0-CF1BB086D9D4.jpeg\" alt=\"\" width=\"2048\" height=\"1536\" srcset=\"https:\/\/www.motorsport-kaefer.de\/wp-content\/uploads\/C2017F43-9FB1-4681-BCF0-CF1BB086D9D4.jpeg 2048w, https:\/\/www.motorsport-kaefer.de\/wp-content\/uploads\/C2017F43-9FB1-4681-BCF0-CF1BB086D9D4-300x225.jpeg 300w, https:\/\/www.motorsport-kaefer.de\/wp-content\/uploads\/C2017F43-9FB1-4681-BCF0-CF1BB086D9D4-768x576.jpeg 768w, https:\/\/www.motorsport-kaefer.de\/wp-content\/uploads\/C2017F43-9FB1-4681-BCF0-CF1BB086D9D4-1024x768.jpeg 1024w, https:\/\/www.motorsport-kaefer.de\/wp-content\/uploads\/C2017F43-9FB1-4681-BCF0-CF1BB086D9D4-400x300.jpeg 400w\" sizes=\"(max-width: 767px) 89vw, (max-width: 1000px) 54vw, (max-width: 1071px) 543px, 580px\" \/><\/a> <a href=\"https:\/\/www.motorsport-kaefer.de\/wp-content\/uploads\/46BC7E15-822F-4316-8ACF-40320F099E6F.jpeg\"><img loading=\"lazy\" class=\"alignleft wp-image-1224 size-full\" src=\"https:\/\/www.motorsport-kaefer.de\/wp-content\/uploads\/46BC7E15-822F-4316-8ACF-40320F099E6F.jpeg\" alt=\"\" width=\"4032\" height=\"3024\" srcset=\"https:\/\/www.motorsport-kaefer.de\/wp-content\/uploads\/46BC7E15-822F-4316-8ACF-40320F099E6F.jpeg 4032w, https:\/\/www.motorsport-kaefer.de\/wp-content\/uploads\/46BC7E15-822F-4316-8ACF-40320F099E6F-300x225.jpeg 300w, https:\/\/www.motorsport-kaefer.de\/wp-content\/uploads\/46BC7E15-822F-4316-8ACF-40320F099E6F-768x576.jpeg 768w, https:\/\/www.motorsport-kaefer.de\/wp-content\/uploads\/46BC7E15-822F-4316-8ACF-40320F099E6F-1024x768.jpeg 1024w, https:\/\/www.motorsport-kaefer.de\/wp-content\/uploads\/46BC7E15-822F-4316-8ACF-40320F099E6F-400x300.jpeg 400w\" sizes=\"(max-width: 767px) 89vw, (max-width: 1000px) 54vw, (max-width: 1071px) 543px, 580px\" \/><\/a> <a href=\"https:\/\/www.motorsport-kaefer.de\/wp-content\/uploads\/D3E463D0-4CC1-425C-8652-F9EDF4059633.jpeg\"><img loading=\"lazy\" class=\"alignleft wp-image-1225 size-full\" src=\"https:\/\/www.motorsport-kaefer.de\/wp-content\/uploads\/D3E463D0-4CC1-425C-8652-F9EDF4059633.jpeg\" alt=\"\" width=\"1098\" height=\"634\" srcset=\"https:\/\/www.motorsport-kaefer.de\/wp-content\/uploads\/D3E463D0-4CC1-425C-8652-F9EDF4059633.jpeg 1098w, https:\/\/www.motorsport-kaefer.de\/wp-content\/uploads\/D3E463D0-4CC1-425C-8652-F9EDF4059633-300x173.jpeg 300w, https:\/\/www.motorsport-kaefer.de\/wp-content\/uploads\/D3E463D0-4CC1-425C-8652-F9EDF4059633-768x443.jpeg 768w, https:\/\/www.motorsport-kaefer.de\/wp-content\/uploads\/D3E463D0-4CC1-425C-8652-F9EDF4059633-1024x591.jpeg 1024w, https:\/\/www.motorsport-kaefer.de\/wp-content\/uploads\/D3E463D0-4CC1-425C-8652-F9EDF4059633-500x289.jpeg 500w\" sizes=\"(max-width: 767px) 89vw, (max-width: 1000px) 54vw, (max-width: 1071px) 543px, 580px\" \/><\/a> <a href=\"https:\/\/www.motorsport-kaefer.de\/wp-content\/uploads\/18435EED-4E3E-4D0F-87F5-48F035A6D2F4.jpeg\"><img loading=\"lazy\" class=\"alignleft wp-image-1226 size-full\" src=\"https:\/\/www.motorsport-kaefer.de\/wp-content\/uploads\/18435EED-4E3E-4D0F-87F5-48F035A6D2F4.jpeg\" alt=\"\" width=\"960\" height=\"640\" srcset=\"https:\/\/www.motorsport-kaefer.de\/wp-content\/uploads\/18435EED-4E3E-4D0F-87F5-48F035A6D2F4.jpeg 960w, https:\/\/www.motorsport-kaefer.de\/wp-content\/uploads\/18435EED-4E3E-4D0F-87F5-48F035A6D2F4-300x200.jpeg 300w, https:\/\/www.motorsport-kaefer.de\/wp-content\/uploads\/18435EED-4E3E-4D0F-87F5-48F035A6D2F4-768x512.jpeg 768w, https:\/\/www.motorsport-kaefer.de\/wp-content\/uploads\/18435EED-4E3E-4D0F-87F5-48F035A6D2F4-450x300.jpeg 450w\" sizes=\"(max-width: 767px) 89vw, (max-width: 1000px) 54vw, (max-width: 1071px) 543px, 580px\" \/><\/a><\/p>\n<p><strong>&#8211;<\/strong><\/p>\n<p><strong>\u2014\u2014\u2014\u2014\u2014\u2014\u2014\u2014\u2014\u2014\u2014\u2014\u2014\u2014\u2014\u2014\u2014\u2014\u2014\u2014\u2014\u2014\u2014\u2014\u2014\u2014\u2014\u2014\u2014\u2014\u2014\u2014\u2014\u2014\u2014\u2014\u2014\u2014\u2014\u2014\u2014<\/strong><\/p>\n<p><strong>N\u00fcrburgring 2016<\/strong><\/p>\n<p><a href=\"https:\/\/www.motorsport-kaefer.de\/wp-content\/uploads\/AA6CDE33-ED0E-4E93-9994-10E7314830E3.jpeg\"><img loading=\"lazy\" class=\"alignleft wp-image-1217 size-full\" src=\"https:\/\/www.motorsport-kaefer.de\/wp-content\/uploads\/AA6CDE33-ED0E-4E93-9994-10E7314830E3.jpeg\" alt=\"\" width=\"2048\" height=\"1536\" srcset=\"https:\/\/www.motorsport-kaefer.de\/wp-content\/uploads\/AA6CDE33-ED0E-4E93-9994-10E7314830E3.jpeg 2048w, https:\/\/www.motorsport-kaefer.de\/wp-content\/uploads\/AA6CDE33-ED0E-4E93-9994-10E7314830E3-300x225.jpeg 300w, https:\/\/www.motorsport-kaefer.de\/wp-content\/uploads\/AA6CDE33-ED0E-4E93-9994-10E7314830E3-768x576.jpeg 768w, https:\/\/www.motorsport-kaefer.de\/wp-content\/uploads\/AA6CDE33-ED0E-4E93-9994-10E7314830E3-1024x768.jpeg 1024w, https:\/\/www.motorsport-kaefer.de\/wp-content\/uploads\/AA6CDE33-ED0E-4E93-9994-10E7314830E3-400x300.jpeg 400w\" sizes=\"(max-width: 767px) 89vw, (max-width: 1000px) 54vw, (max-width: 1071px) 543px, 580px\" \/><\/a> <a href=\"https:\/\/www.motorsport-kaefer.de\/wp-content\/uploads\/3E70A440-C5ED-4B5D-9B3A-82CAA4B0BD62.jpeg\"><img loading=\"lazy\" class=\"alignleft wp-image-1218 size-full\" src=\"https:\/\/www.motorsport-kaefer.de\/wp-content\/uploads\/3E70A440-C5ED-4B5D-9B3A-82CAA4B0BD62.jpeg\" alt=\"\" width=\"2048\" height=\"1536\" srcset=\"https:\/\/www.motorsport-kaefer.de\/wp-content\/uploads\/3E70A440-C5ED-4B5D-9B3A-82CAA4B0BD62.jpeg 2048w, https:\/\/www.motorsport-kaefer.de\/wp-content\/uploads\/3E70A440-C5ED-4B5D-9B3A-82CAA4B0BD62-300x225.jpeg 300w, https:\/\/www.motorsport-kaefer.de\/wp-content\/uploads\/3E70A440-C5ED-4B5D-9B3A-82CAA4B0BD62-768x576.jpeg 768w, https:\/\/www.motorsport-kaefer.de\/wp-content\/uploads\/3E70A440-C5ED-4B5D-9B3A-82CAA4B0BD62-1024x768.jpeg 1024w, https:\/\/www.motorsport-kaefer.de\/wp-content\/uploads\/3E70A440-C5ED-4B5D-9B3A-82CAA4B0BD62-400x300.jpeg 400w\" sizes=\"(max-width: 767px) 89vw, (max-width: 1000px) 54vw, (max-width: 1071px) 543px, 580px\" \/><\/a> <a href=\"https:\/\/www.motorsport-kaefer.de\/wp-content\/uploads\/615FFA40-BC9C-4BA8-8EEA-FF7241A48CD3.jpeg\"><img loading=\"lazy\" class=\"alignleft wp-image-1219 size-full\" src=\"https:\/\/www.motorsport-kaefer.de\/wp-content\/uploads\/615FFA40-BC9C-4BA8-8EEA-FF7241A48CD3.jpeg\" alt=\"\" width=\"960\" height=\"720\" srcset=\"https:\/\/www.motorsport-kaefer.de\/wp-content\/uploads\/615FFA40-BC9C-4BA8-8EEA-FF7241A48CD3.jpeg 960w, https:\/\/www.motorsport-kaefer.de\/wp-content\/uploads\/615FFA40-BC9C-4BA8-8EEA-FF7241A48CD3-300x225.jpeg 300w, https:\/\/www.motorsport-kaefer.de\/wp-content\/uploads\/615FFA40-BC9C-4BA8-8EEA-FF7241A48CD3-768x576.jpeg 768w, https:\/\/www.motorsport-kaefer.de\/wp-content\/uploads\/615FFA40-BC9C-4BA8-8EEA-FF7241A48CD3-400x300.jpeg 400w\" sizes=\"(max-width: 767px) 89vw, (max-width: 1000px) 54vw, (max-width: 1071px) 543px, 580px\" \/><\/a><\/p>\n<p><strong>&#8211;<\/strong><\/p>\n<p><strong>\u2014\u2014\u2014\u2014\u2014\u2014\u2014\u2014\u2014\u2014\u2014\u2014\u2014\u2014\u2014\u2014\u2014\u2014\u2014\u2014\u2014\u2014\u2014\u2014\u2014\u2014\u2014\u2014\u2014\u2014\u2014\u2014\u2014\u2014\u2014\u2014\u2014\u2014\u2014\u2014\u2014<\/strong><\/p>\n<p><strong>Hockenheim 2015<\/strong><\/p>\n<p>Endlich mal wieder ein trockener Trackday! Bei herrlichem Wetter ging es auf Zeitenjagd auf der GP-Variante.<\/p>\n<p><a href=\"http:\/\/www.motorsport-kaefer.de\/wp-content\/uploads\/IMG_6123_2776338032754557651-490x3271.jpg\"><img loading=\"lazy\" class=\"alignleft wp-image-1156\" src=\"https:\/\/www.motorsport-kaefer.de\/wp-content\/uploads\/IMG_6123_2776338032754557651-490x3271.jpg\" alt=\"IMG_6123_2776338032754557651 (490x327)\" width=\"1079\" height=\"720\" srcset=\"https:\/\/www.motorsport-kaefer.de\/wp-content\/uploads\/IMG_6123_2776338032754557651-490x3271.jpg 490w, https:\/\/www.motorsport-kaefer.de\/wp-content\/uploads\/IMG_6123_2776338032754557651-490x3271-300x200.jpg 300w, https:\/\/www.motorsport-kaefer.de\/wp-content\/uploads\/IMG_6123_2776338032754557651-490x3271-450x300.jpg 450w\" sizes=\"(max-width: 767px) 89vw, (max-width: 1000px) 54vw, (max-width: 1071px) 543px, 580px\" \/><\/a><\/p>\n<p><strong>\u2014\u2014\u2014\u2014\u2014\u2014\u2014\u2014\u2014\u2014\u2014\u2014\u2014\u2014\u2014\u2014\u2014\u2014\u2014\u2014\u2014\u2014\u2014\u2014\u2014\u2014\u2014\u2014\u2014\u2014\u2014\u2014\u2014\u2014\u2014\u2014\u2014\u2014\u2014\u2014\u2014<\/strong><\/p>\n<p><strong>N\u00fcrburgring 2014<\/strong><\/p>\n<p>Das <a title=\"Elektronisches Motormanagement\" href=\"https:\/\/www.motorsport-kaefer.de\/?p=1122\">elektronische Motormanagement<\/a> wurde im September auf dem\u00a0N\u00fcrburgring (Sprintstrecke, mal wieder neblig und nasskalt) getestet und feinabgestimmt. Ich war begeistert wie bissig und mit welchem Drehmoment der Motor jetzt zur Sache geht. Dank der freien Programmierbarkeit kann das (Drehmoment-)Potential von E85 jetzt richtig genutzt werden. Hoffentlich erlebe ich noch einen trockenen Trackday auf dem N\u00fcrburgring f\u00fcr eine neue Bestzeit&#8230;.<\/p>\n<p><strong>N\u00fcrburgring 2013<\/strong><\/p>\n<p>Und auch im Juni war es wieder feucht. Deshalb keine Bestzeit, aber die Erkenntnis, dass der Gewichtsvorteil bei diesen Streckenbedingungen noch besser zur Geltung kommt. Die adip\u00f6sen Sportwagen k\u00f6nnen dann ihren Vorteil bei der L\u00e4ngsdynamik kaum nutzen und sind im Handling &#8211; insbesondere beim umsetzen in der Mercedes-Arena &#8211; deutlich benachteiligt.<\/p>\n<p><strong>N\u00fcrburgring 2012<\/strong><\/p>\n<p>Am 11. September wurde auf dem N\u00fcrburgring (Sprintstrecke) die jetzige <a title=\"Technik aktuell\" href=\"https:\/\/www.motorsport-kaefer.de\/?page_id=598\">Ausbaustufe<\/a> getestet. Leider war die Strecke den ganzen Tag nie ganz trocken, so dass ich meine beste Rundenzeit auf der Sprintstrecke derzeit von <strong> 1:49,5 <\/strong> nicht unterbieten konnte (mit dem 964 C2 habe ich 1:49,5 s als Bestzeit mit optimierten Sturzwerten erreicht).<\/p>\n<p><strong>N\u00fcrburgring September 2011<\/strong><\/p>\n<p>Im September konnte endlich auch noch eine Zeit auf der GP-Strecke inkl. der Dunlopkehre genommen werden. Die beste Runde lag mit <strong>2:29,2 s<\/strong> um 2,5 s schneller als im Vorjahr. Mit dem K\u00e4fer konnte ich sogar meine pers\u00f6nliche Bestzeit (2:29,5 mit 993 Turbo WLS II) unterbieten. Auch diesmal lief der K\u00e4fer v\u00f6llig unproblematisch und war \u00fcberwiegend einfach zu fahren.<br \/>\nWeiteres Verbesserungspotential wurde jedoch identifiziert, so dass die Freizeit wieder sinnvoll ausgef\u00fcllt wird: Die Fahrstabilit\u00e4t in schnellen Kurven, insbesondere im Knick auf der Gegengeraden, der mit ca. 170 km\/h genommen wird, muss verbessert werden. Dazu wird die Spur hinten um 40 mm verbreitert und das Fahrzeug im Heckbereich erleichtert (Details siehe <a href=\"https:\/\/www.motorsport-kaefer.de\/?page_id=598\">Technik aktuell<\/a>). Au\u00dferdem soll ein K\u00e4fig die Pr\u00e4zision des Fahrwerks unterst\u00fctzen und das Vertrauen des Fahrers in die Sicherheit erh\u00f6hen.<\/p>\n<p><strong>N\u00fcrburgring Juli 2011<\/strong><\/p>\n<p>Nun sollte die Theorie auf die Praxis treffen: Das Getriebe war auf der Basis der GPS-Aufzeichungen der PerformanceBox im Winter komplett neu auf die GP-Strecke abgestimmt worden. Die Quaife-Sperre kam hier auch erstmalig zum Einsatz.<\/p>\n<p>Au\u00dferdem war der Motor im Winter komplett \u00fcberholt worden (s. Technik aktuell) und hatte mit der E85-Abstimmung nun 223 PS. Die Motor\u00f6lk\u00fchlung war durch einen zweiten K\u00fchlerkreislauf verbessert und eine Getriebe\u00f6lk\u00fchlung eingebaut worden, so dass die thermischen Probleme des Vorjahres ausgemerzt sein sollten. Das Fahrwerk war unver\u00e4ndert zum Vorjahr.<\/p>\n<p>Somit sollten die Rundenzeiten und die Standfestigkeit wesentlich verbessert sein. Auf der GP-Strecke den N\u00fcrburgrings (Sprintstrecke) konnten im Juli endlich die Theorie getestet werden.<\/p>\n<p>Und ausnahmsweise passte die Theorie zur Praxis: Alle Erwartungen wurden erf\u00fcllt. Auf den problemlosen 1,5 Std. bzw. 180 km im Renntempo ergaben sich keinerlei technische Probleme. Die \u00d6ltemperaturen von Motor und Getriebe blieben im Rahmen, die Reifen und Bremsen kamen gerade auf Betriebstemperatur. Die beste Rundenzeit lag bei <strong> 1:49,5 <\/strong> (mit dem 964 C2 hatte ich 1:49,9 s als Bestzeit erreicht!). Den Rest zeigt das nachfolgende Video:<\/p>\n<p>N\u00fcrburgring Juli 2011: <b>2:29 s<\/b><\/p>\n<div style=\"width: 525px;\" class=\"wp-video\"><!--[if lt IE 9]><script>document.createElement('video');<\/script><![endif]-->\n<video class=\"wp-video-shortcode\" id=\"video-660-1\" width=\"525\" height=\"295\" preload=\"metadata\" controls=\"controls\"><source type=\"video\/mp4\" src=\"https:\/\/www.motorsport-kaefer.de\/wp-content\/uploads\/NBR1.m4v?_=1\" \/><a href=\"https:\/\/www.motorsport-kaefer.de\/wp-content\/uploads\/NBR1.m4v\">https:\/\/www.motorsport-kaefer.de\/wp-content\/uploads\/NBR1.m4v<\/a><\/video><\/div>\n<p><!--more--><\/p>\n<p>Bei der Betrachtung des Videos aus der Innenperspektive ist mir selbst aufgefallen wie ruhig das Lenkrad des K\u00e4fers in allen Fahrsitutionen bleibt. Dies best\u00e4tigt meine subjektiven Eindruck: Es l\u00e4\u00dft sich sehr entspannt rasen. Und das in einer uralten Porschekonstruktion, mit Renntechnik Stand der 70iger Jahre optimiert!<\/p>\n<p>Modernen BMW M3 und viele anderen modernen Sportwagen kann man auf der Rennstrecke paroli bieten und auch dem Rennstreckenk\u00f6nig GT3 auf den Versen bleiben &#8211; zumindest in 2\/3tel aller F\u00e4lle.<\/p>\n<p>Prof. Porsche hatte Recht: <strong>Geringes Gewicht ist das Hauptkriterium bei einem Sportwagen. <\/strong>Anders lassen sich die zahlreichen \u00dcberholman\u00f6ver auch nicht erkl\u00e4ren. Wenn ein 223 PS-Fahrzeug wie unser K\u00e4fer 200 PS st\u00e4rkere Fahrzeuge auf der Geraden ausbeschleunigt und im Brems- und Kurvenbereich problemlos davonzieht, dann kann dies nur am Gewicht liegen &#8211; die gute Aerodynamik der K\u00e4fers kann es nicht sein&#8230;..<\/p>\n<p><strong>Heidbergring Juni 2011<\/strong><\/p>\n<p>Endlich war es soweit: Nach monatelanger Arbeit der erste Einsatz 2011. Bei tollem Sommerwetter fuhren wir wieder auf dem Heidbergring (Geesthacht bei Hamburg). Holger mit dem wei\u00dfen K\u00e4fer und Knut mit seinem wei\u00dfen 911 SC waren auch wieder mit dabei.<\/p>\n<p>Damit es keine Lautst\u00e4rke bedingten Restriktionen gibt, war unser K\u00e4fer &#8222;leisegestellt&#8220;. Spezielle Edelstahl-Nachschalld\u00e4mpfer, Ansaugger\u00e4uchd\u00e4mpfer, D\u00e4mmmatten im Motorraum, Abschirmbleche im Radkasten vor den Zylinderk\u00f6pfen und das l\u00e4ngere Getriebe sorgten daf\u00fcr, dass wir bei Vollgas auf der Geraden das Ger\u00e4uchlimit von 93 db einhalten konnten.<\/p>\n<p>Obwohl der Motor merklich zugeschn\u00fcrt lief &#8211; von den 223 PS waren gef\u00fchlt nur noch 180- 190 PS lebendig &#8211; war die Rundenzeit mit 40,4 s \u00fcber 1 s schneller als im Vorjahr. Doch auch Holger war deutlich schneller als im Vorjahr und war mit 40,5 gleichschnell. Knut hat dank Gewichtsreduzierung im Heckbereich und breiteren Felgen seine Zeit um 2 s auf 40,8 s gesteigert. Wir lagen also alle drei im gleichen Zeitfenster. Folglich waren unser Zweik\u00e4mpfe durch die \u00dcberrundungen bestimmt: Wer im Verkehr besser durchkam, hatte die Nase vorn.<\/p>\n<div style=\"width: 525px;\" class=\"wp-video\"><video class=\"wp-video-shortcode\" id=\"video-660-2\" width=\"525\" height=\"295\" preload=\"metadata\" controls=\"controls\"><source type=\"video\/mp4\" src=\"https:\/\/www.motorsport-kaefer.de\/wp-content\/uploads\/Heidbergring-2011_v1-1.m4v?_=2\" \/><a href=\"https:\/\/www.motorsport-kaefer.de\/wp-content\/uploads\/Heidbergring-2011_v1-1.m4v\">https:\/\/www.motorsport-kaefer.de\/wp-content\/uploads\/Heidbergring-2011_v1-1.m4v<\/a><\/video><\/div>\n<p>Technik: Bedingt durch die Schalld\u00e4mpfungsma\u00dfnahmen lief der Motor oberhalb von 5500 U\/min sehr z\u00e4h. Ansonsten funktionierte alles problemlos.<\/p>\n<p>Direkt nach den Heidbergring wurden alle leistungsmindernden Ma\u00dfnahmen zur\u00fcckgenommen und der n\u00e4chste Einsatz am N\u00fcrburgring vorbereitet.<\/p>\n","protected":false},"excerpt":{"rendered":"<p>Meppen 2018 &#x1f3c1; &#x1f929;&#x1f3c1; 1. Aircooled Race Weekend in Meppen: Zum Vorjahr konnte ich meine pers\u00f6nliche Bestzeit &#x1f3c6; um 2,5s auf 1:17 verbessern &#x1f609; https:\/\/www.facebook.com\/1769911499900344\/videos\/2709525532605598?sfns=mohttps:\/\/www.facebook.com\/1769911499900344\/videos\/2709525532605598?sfns=mo Video Meppen 2018 &#8211; N\u00fcrburgring 2018 Trackday auf dem N\u00fcrburgring GP-Kurs: Der Rote f\u00fchlt sich zwischen den modernen Sportwagen zwar sehr wohl &#x1f609;&#x1f60e;, wartet aber auf eine freie Runde f\u00fcr &hellip; <\/p>\n<p class=\"link-more\"><a href=\"https:\/\/www.motorsport-kaefer.de\/?page_id=660\" class=\"more-link\"><span class=\"screen-reader-text\">\u201eMotorsport\u201c<\/span> weiterlesen<\/a><\/p>\n","protected":false},"author":2,"featured_media":0,"parent":13,"menu_order":1,"comment_status":"closed","ping_status":"closed","template":"","meta":[],"_links":{"self":[{"href":"https:\/\/www.motorsport-kaefer.de\/index.php?rest_route=\/wp\/v2\/pages\/660"}],"collection":[{"href":"https:\/\/www.motorsport-kaefer.de\/index.php?rest_route=\/wp\/v2\/pages"}],"about":[{"href":"https:\/\/www.motorsport-kaefer.de\/index.php?rest_route=\/wp\/v2\/types\/page"}],"author":[{"embeddable":true,"href":"https:\/\/www.motorsport-kaefer.de\/index.php?rest_route=\/wp\/v2\/users\/2"}],"replies":[{"embeddable":true,"href":"https:\/\/www.motorsport-kaefer.de\/index.php?rest_route=%2Fwp%2Fv2%2Fcomments&post=660"}],"version-history":[{"count":141,"href":"https:\/\/www.motorsport-kaefer.de\/index.php?rest_route=\/wp\/v2\/pages\/660\/revisions"}],"predecessor-version":[{"id":1717,"href":"https:\/\/www.motorsport-kaefer.de\/index.php?rest_route=\/wp\/v2\/pages\/660\/revisions\/1717"}],"up":[{"embeddable":true,"href":"https:\/\/www.motorsport-kaefer.de\/index.php?rest_route=\/wp\/v2\/pages\/13"}],"wp:attachment":[{"href":"https:\/\/www.motorsport-kaefer.de\/index.php?rest_route=%2Fwp%2Fv2%2Fmedia&parent=660"}],"curies":[{"name":"wp","href":"https:\/\/api.w.org\/{rel}","templated":true}]}}