{"id":598,"date":"2011-02-04T19:32:57","date_gmt":"2011-02-04T18:32:57","guid":{"rendered":"http:\/\/www.motorsport-kaefer.de\/?page_id=598"},"modified":"2019-04-13T17:21:45","modified_gmt":"2019-04-13T15:21:45","slug":"aktuell","status":"publish","type":"page","link":"https:\/\/www.motorsport-kaefer.de\/?page_id=598","title":{"rendered":"Motorentwicklung"},"content":{"rendered":"\n<p>Nachfolgend sind die Entwicklungsstufen der verschiedenen Motorkonzepte dokumentiert: <\/p>\n\n\n\n<ul><li>2,9l: 285 PS, 339 Nm, 84 mm Hub, 105 mm Bohrung, CNC-Zylinderk\u00f6pfe <\/li><li>3,0l: 271 PS, 340 Nm, 86 mm Hub, 105 mm Bohrung, CNC-Zylinderk\u00f6pfe (Upgrade wird derzeit durchgef\u00fchrt)<\/li><li>2,7l: 228 PS, 289 Nm, 78 mm Hub, 105 mm Bohrung, Typ4-Zylinderk\u00f6pfe (2019 neue Zylinderk\u00f6pfe, noch nicht gemessen)    <\/li><\/ul>\n\n\n<p><strong>2019:<\/strong><\/p>\n<p>2,9l: Zylinderk\u00f6pfe auf der Flie\u00dfbank optimiert: 285 PS und 339 Nm<\/p>\n<p>Damit ist endlich \u00a0die 3,0 kg\/PS-Marke mit 2,95 kg\/PS geknackt, und der Rote betritt den Bereich moderner Sportwagen.<\/p>\n<p><a href=\"https:\/\/www.motorsport-kaefer.de\/wp-content\/uploads\/9AC086A8-7EF5-453A-A63D-842747C3D6CC.jpeg\"><img loading=\"lazy\" class=\"alignleft wp-image-1210 size-full\" src=\"https:\/\/www.motorsport-kaefer.de\/wp-content\/uploads\/9AC086A8-7EF5-453A-A63D-842747C3D6CC.jpeg\" alt=\"\" width=\"4032\" height=\"3024\" srcset=\"https:\/\/www.motorsport-kaefer.de\/wp-content\/uploads\/9AC086A8-7EF5-453A-A63D-842747C3D6CC.jpeg 4032w, https:\/\/www.motorsport-kaefer.de\/wp-content\/uploads\/9AC086A8-7EF5-453A-A63D-842747C3D6CC-300x225.jpeg 300w, https:\/\/www.motorsport-kaefer.de\/wp-content\/uploads\/9AC086A8-7EF5-453A-A63D-842747C3D6CC-768x576.jpeg 768w, https:\/\/www.motorsport-kaefer.de\/wp-content\/uploads\/9AC086A8-7EF5-453A-A63D-842747C3D6CC-1024x768.jpeg 1024w, https:\/\/www.motorsport-kaefer.de\/wp-content\/uploads\/9AC086A8-7EF5-453A-A63D-842747C3D6CC-400x300.jpeg 400w\" sizes=\"(max-width: 767px) 89vw, (max-width: 1000px) 54vw, (max-width: 1071px) 543px, 580px\" \/><\/a> <a href=\"https:\/\/www.motorsport-kaefer.de\/wp-content\/uploads\/894A1C6F-10B5-4729-9CBD-AE568D1C9900.jpeg\"><img loading=\"lazy\" class=\"alignleft wp-image-1211 size-full\" src=\"https:\/\/www.motorsport-kaefer.de\/wp-content\/uploads\/894A1C6F-10B5-4729-9CBD-AE568D1C9900.jpeg\" alt=\"\" width=\"2036\" height=\"1070\" srcset=\"https:\/\/www.motorsport-kaefer.de\/wp-content\/uploads\/894A1C6F-10B5-4729-9CBD-AE568D1C9900.jpeg 2036w, https:\/\/www.motorsport-kaefer.de\/wp-content\/uploads\/894A1C6F-10B5-4729-9CBD-AE568D1C9900-300x158.jpeg 300w, https:\/\/www.motorsport-kaefer.de\/wp-content\/uploads\/894A1C6F-10B5-4729-9CBD-AE568D1C9900-768x404.jpeg 768w, https:\/\/www.motorsport-kaefer.de\/wp-content\/uploads\/894A1C6F-10B5-4729-9CBD-AE568D1C9900-1024x538.jpeg 1024w, https:\/\/www.motorsport-kaefer.de\/wp-content\/uploads\/894A1C6F-10B5-4729-9CBD-AE568D1C9900-500x263.jpeg 500w\" sizes=\"(max-width: 767px) 89vw, (max-width: 1000px) 54vw, (max-width: 1071px) 543px, 580px\" \/><\/a> <a href=\"https:\/\/www.motorsport-kaefer.de\/wp-content\/uploads\/34569F6F-005B-42A9-B245-C9703A4B912E.jpeg\"><img loading=\"lazy\" class=\"alignleft wp-image-1212 size-full\" src=\"https:\/\/www.motorsport-kaefer.de\/wp-content\/uploads\/34569F6F-005B-42A9-B245-C9703A4B912E.jpeg\" alt=\"\" width=\"2048\" height=\"1536\" srcset=\"https:\/\/www.motorsport-kaefer.de\/wp-content\/uploads\/34569F6F-005B-42A9-B245-C9703A4B912E.jpeg 2048w, https:\/\/www.motorsport-kaefer.de\/wp-content\/uploads\/34569F6F-005B-42A9-B245-C9703A4B912E-300x225.jpeg 300w, https:\/\/www.motorsport-kaefer.de\/wp-content\/uploads\/34569F6F-005B-42A9-B245-C9703A4B912E-768x576.jpeg 768w, https:\/\/www.motorsport-kaefer.de\/wp-content\/uploads\/34569F6F-005B-42A9-B245-C9703A4B912E-1024x768.jpeg 1024w, https:\/\/www.motorsport-kaefer.de\/wp-content\/uploads\/34569F6F-005B-42A9-B245-C9703A4B912E-400x300.jpeg 400w\" sizes=\"(max-width: 767px) 89vw, (max-width: 1000px) 54vw, (max-width: 1071px) 543px, 580px\" \/><\/a><\/p>\n<p>&#8211;<\/p>\n<p>https:\/\/www.facebook.com\/1769911499900344\/videos\/2225247924357499\/sfns=mo<\/p>\n<p><strong>Oktober 2018:<\/strong><\/p>\n<p>\u00dcberarbeitetes Konzept mit 2mm weniger Hub (2,9l) und einer sch\u00e4rferen Nockenwelle: 271 PS und 309 Nm<\/p>\n<p>https:\/\/www.facebook.com\/1769911499900344\/videos\/408161949750767?sfns=mo<\/p>\n<p><strong>M\u00e4rz 2018:\u00a0<\/strong><\/p>\n<p>3,0l: Auspuffanlage und Ansaugtrakt modifiziert: 271 PS und 340 Nm<a href=\"https:\/\/www.motorsport-kaefer.de\/wp-content\/uploads\/8D6F7D2D-7A92-4984-B7D3-CE620619F3CA.jpeg\"><br \/><\/a><a href=\"https:\/\/www.motorsport-kaefer.de\/wp-content\/uploads\/8D6F7D2D-7A92-4984-B7D3-CE620619F3CA.jpeg\"><img loading=\"lazy\" class=\"alignleft wp-image-1204 size-full\" src=\"https:\/\/www.motorsport-kaefer.de\/wp-content\/uploads\/8D6F7D2D-7A92-4984-B7D3-CE620619F3CA.jpeg\" alt=\"\" width=\"4032\" height=\"3024\" srcset=\"https:\/\/www.motorsport-kaefer.de\/wp-content\/uploads\/8D6F7D2D-7A92-4984-B7D3-CE620619F3CA.jpeg 4032w, https:\/\/www.motorsport-kaefer.de\/wp-content\/uploads\/8D6F7D2D-7A92-4984-B7D3-CE620619F3CA-300x225.jpeg 300w, https:\/\/www.motorsport-kaefer.de\/wp-content\/uploads\/8D6F7D2D-7A92-4984-B7D3-CE620619F3CA-768x576.jpeg 768w, https:\/\/www.motorsport-kaefer.de\/wp-content\/uploads\/8D6F7D2D-7A92-4984-B7D3-CE620619F3CA-1024x768.jpeg 1024w, https:\/\/www.motorsport-kaefer.de\/wp-content\/uploads\/8D6F7D2D-7A92-4984-B7D3-CE620619F3CA-400x300.jpeg 400w\" sizes=\"(max-width: 767px) 89vw, (max-width: 1000px) 54vw, (max-width: 1071px) 543px, 580px\" \/><\/a> <a href=\"https:\/\/www.motorsport-kaefer.de\/wp-content\/uploads\/3AD3C264-B5AF-40B4-835A-BC4811E33E49.jpeg\"><img loading=\"lazy\" class=\"alignleft wp-image-1205 size-full\" src=\"https:\/\/www.motorsport-kaefer.de\/wp-content\/uploads\/3AD3C264-B5AF-40B4-835A-BC4811E33E49.jpeg\" alt=\"\" width=\"2031\" height=\"1525\" srcset=\"https:\/\/www.motorsport-kaefer.de\/wp-content\/uploads\/3AD3C264-B5AF-40B4-835A-BC4811E33E49.jpeg 2031w, https:\/\/www.motorsport-kaefer.de\/wp-content\/uploads\/3AD3C264-B5AF-40B4-835A-BC4811E33E49-300x225.jpeg 300w, https:\/\/www.motorsport-kaefer.de\/wp-content\/uploads\/3AD3C264-B5AF-40B4-835A-BC4811E33E49-768x577.jpeg 768w, https:\/\/www.motorsport-kaefer.de\/wp-content\/uploads\/3AD3C264-B5AF-40B4-835A-BC4811E33E49-1024x769.jpeg 1024w, https:\/\/www.motorsport-kaefer.de\/wp-content\/uploads\/3AD3C264-B5AF-40B4-835A-BC4811E33E49-400x300.jpeg 400w\" sizes=\"(max-width: 767px) 89vw, (max-width: 1000px) 54vw, (max-width: 1071px) 543px, 580px\" \/><\/a> <a href=\"https:\/\/www.motorsport-kaefer.de\/wp-content\/uploads\/9D376B33-5C88-44AE-BD10-1C821D535E37.jpeg\"><img loading=\"lazy\" class=\"alignleft wp-image-1206 size-full\" src=\"https:\/\/www.motorsport-kaefer.de\/wp-content\/uploads\/9D376B33-5C88-44AE-BD10-1C821D535E37.jpeg\" alt=\"\" width=\"2048\" height=\"1536\" srcset=\"https:\/\/www.motorsport-kaefer.de\/wp-content\/uploads\/9D376B33-5C88-44AE-BD10-1C821D535E37.jpeg 2048w, https:\/\/www.motorsport-kaefer.de\/wp-content\/uploads\/9D376B33-5C88-44AE-BD10-1C821D535E37-300x225.jpeg 300w, https:\/\/www.motorsport-kaefer.de\/wp-content\/uploads\/9D376B33-5C88-44AE-BD10-1C821D535E37-768x576.jpeg 768w, https:\/\/www.motorsport-kaefer.de\/wp-content\/uploads\/9D376B33-5C88-44AE-BD10-1C821D535E37-1024x768.jpeg 1024w, https:\/\/www.motorsport-kaefer.de\/wp-content\/uploads\/9D376B33-5C88-44AE-BD10-1C821D535E37-400x300.jpeg 400w\" sizes=\"(max-width: 767px) 89vw, (max-width: 1000px) 54vw, (max-width: 1071px) 543px, 580px\" \/><\/a><\/p>\n<p><strong>2017:<\/strong><\/p>\n<p>Der 3,0l ist fertiggestellt: 250 PS und 300 Nm<\/p>\n<p><a href=\"https:\/\/www.motorsport-kaefer.de\/wp-content\/uploads\/B856DC72-20BB-472B-A701-1B9F8BA72057.jpeg\"><img loading=\"lazy\" class=\"alignleft wp-image-1200 size-full\" src=\"https:\/\/www.motorsport-kaefer.de\/wp-content\/uploads\/B856DC72-20BB-472B-A701-1B9F8BA72057.jpeg\" alt=\"\" width=\"4032\" height=\"3024\" srcset=\"https:\/\/www.motorsport-kaefer.de\/wp-content\/uploads\/B856DC72-20BB-472B-A701-1B9F8BA72057.jpeg 4032w, https:\/\/www.motorsport-kaefer.de\/wp-content\/uploads\/B856DC72-20BB-472B-A701-1B9F8BA72057-300x225.jpeg 300w, https:\/\/www.motorsport-kaefer.de\/wp-content\/uploads\/B856DC72-20BB-472B-A701-1B9F8BA72057-768x576.jpeg 768w, https:\/\/www.motorsport-kaefer.de\/wp-content\/uploads\/B856DC72-20BB-472B-A701-1B9F8BA72057-1024x768.jpeg 1024w, https:\/\/www.motorsport-kaefer.de\/wp-content\/uploads\/B856DC72-20BB-472B-A701-1B9F8BA72057-400x300.jpeg 400w\" sizes=\"(max-width: 767px) 89vw, (max-width: 1000px) 54vw, (max-width: 1071px) 543px, 580px\" \/><\/a> <a href=\"https:\/\/www.motorsport-kaefer.de\/wp-content\/uploads\/BC1ECFEB-5742-447F-905F-94738278DAA2.jpeg\"><img loading=\"lazy\" class=\"alignleft wp-image-1201 size-full\" src=\"https:\/\/www.motorsport-kaefer.de\/wp-content\/uploads\/BC1ECFEB-5742-447F-905F-94738278DAA2.jpeg\" alt=\"\" width=\"4032\" height=\"3024\" srcset=\"https:\/\/www.motorsport-kaefer.de\/wp-content\/uploads\/BC1ECFEB-5742-447F-905F-94738278DAA2.jpeg 4032w, https:\/\/www.motorsport-kaefer.de\/wp-content\/uploads\/BC1ECFEB-5742-447F-905F-94738278DAA2-300x225.jpeg 300w, https:\/\/www.motorsport-kaefer.de\/wp-content\/uploads\/BC1ECFEB-5742-447F-905F-94738278DAA2-768x576.jpeg 768w, https:\/\/www.motorsport-kaefer.de\/wp-content\/uploads\/BC1ECFEB-5742-447F-905F-94738278DAA2-1024x768.jpeg 1024w, https:\/\/www.motorsport-kaefer.de\/wp-content\/uploads\/BC1ECFEB-5742-447F-905F-94738278DAA2-400x300.jpeg 400w\" sizes=\"(max-width: 767px) 89vw, (max-width: 1000px) 54vw, (max-width: 1071px) 543px, 580px\" \/><\/a><\/p>\n<p><strong><a href=\"https:\/\/www.motorsport-kaefer.de\/wp-content\/uploads\/15D0F138-7380-4DD6-ACFB-D5861611A1D0.jpeg\"><img loading=\"lazy\" class=\"alignleft wp-image-1207 size-full\" src=\"https:\/\/www.motorsport-kaefer.de\/wp-content\/uploads\/15D0F138-7380-4DD6-ACFB-D5861611A1D0.jpeg\" alt=\"\" width=\"1864\" height=\"1264\" srcset=\"https:\/\/www.motorsport-kaefer.de\/wp-content\/uploads\/15D0F138-7380-4DD6-ACFB-D5861611A1D0.jpeg 1864w, https:\/\/www.motorsport-kaefer.de\/wp-content\/uploads\/15D0F138-7380-4DD6-ACFB-D5861611A1D0-300x203.jpeg 300w, https:\/\/www.motorsport-kaefer.de\/wp-content\/uploads\/15D0F138-7380-4DD6-ACFB-D5861611A1D0-768x521.jpeg 768w, https:\/\/www.motorsport-kaefer.de\/wp-content\/uploads\/15D0F138-7380-4DD6-ACFB-D5861611A1D0-1024x694.jpeg 1024w, https:\/\/www.motorsport-kaefer.de\/wp-content\/uploads\/15D0F138-7380-4DD6-ACFB-D5861611A1D0-442x300.jpeg 442w\" sizes=\"(max-width: 767px) 89vw, (max-width: 1000px) 54vw, (max-width: 1071px) 543px, 580px\" \/><\/a><\/strong><\/p>\n<p><strong>2014:\u00a0<\/strong><\/p>\n<p>2,7l: Gemischaufbereitung und Z\u00fcndung werden nun durch das <a title=\"Elektronisches Motormanagement\" href=\"https:\/\/www.motorsport-kaefer.de\/?p=1122\">Wilke-Motormanagement<\/a> gesteuert.<\/p>\n<p><a href=\"http:\/\/www.motorsport-kaefer.de\/wp-content\/uploads\/IMG_54941.jpg\"><img loading=\"lazy\" class=\"alignleft wp-image-1114 size-full\" title=\"IMG_5494\" src=\"https:\/\/www.motorsport-kaefer.de\/wp-content\/uploads\/IMG_54941.jpg\" alt=\"\" width=\"3264\" height=\"2448\" srcset=\"https:\/\/www.motorsport-kaefer.de\/wp-content\/uploads\/IMG_54941.jpg 3264w, https:\/\/www.motorsport-kaefer.de\/wp-content\/uploads\/IMG_54941-300x225.jpg 300w, https:\/\/www.motorsport-kaefer.de\/wp-content\/uploads\/IMG_54941-1024x768.jpg 1024w, https:\/\/www.motorsport-kaefer.de\/wp-content\/uploads\/IMG_54941-400x300.jpg 400w\" sizes=\"(max-width: 767px) 89vw, (max-width: 1000px) 54vw, (max-width: 1071px) 543px, 580px\" \/><\/a><\/p>\n<p>W\u00e4hrend der Fahrt k\u00f6nnen alle Motordaten auf einen 52iger Rundsinstrument (mit roten Digitalziffern wie in den 70igern) oder per Bluetooth auf ein Tablett mit frei gestaltbaren Dashboard angezeigt werden.<\/p>\n<p><strong>2011:<\/strong><\/p>\n<div>\n<p>Der Motor des K\u00e4fers wurde \u00fcberholt, so dass er wieder volle Leistung hat.<\/p>\n<p><a href=\"http:\/\/www.motorsport-kaefer.de\/wp-content\/uploads\/LP-3_20111.bmp\"><img loading=\"lazy\" class=\"\" title=\"LP 3_2011\" src=\"http:\/\/www.motorsport-kaefer.de\/wp-content\/uploads\/LP-3_20111.bmp\" alt=\"\" width=\"639\" height=\"446\" \/><\/a><\/p>\n<p>Das <strong>Leistungsgewicht <\/strong>hat sich folglich deutlich auf <strong>3,9 kg\/PS<\/strong> verbessert. Zum Vergleich einige Sportwagen, die h\u00e4ufig bei Clubportveranstaltungen bzw. Trackdays anzutreffen sind:<a href=\"http:\/\/www.motorsport-kaefer.de\/wp-content\/uploads\/kg-PS.bmp\"><img loading=\"lazy\" class=\"\" title=\"kg-PS\" src=\"http:\/\/www.motorsport-kaefer.de\/wp-content\/uploads\/kg-PS.bmp\" alt=\"\" width=\"637\" height=\"591\" \/><\/a><\/p>\n<ul>\n<li>Das Getriebe wurde nochmals leicht angepasst so dass die Schaltpunkte noch besser zur Strecke passen und eine Quaife-Sperre eingebaut<strong>.<\/strong><\/li>\n<li>Die Motor- und Getriebe\u00f6lk\u00fchlung wurde grundlegend verbessert, so dass keine zeitlichen Beschr\u00e4nkungen aus der Thermik mehr entstehen sollten.<strong><br \/><\/strong><\/li>\n<li>Die Bremsbalance wurde ge\u00e4ndert (andere Bel\u00e4ge)<strong>.<\/strong><\/li>\n<\/ul>\n<div>ab September:<\/div>\n<ul>\n<li>Mein alter Kamei &#8211; Frontspoiler wurde wieder montiert.<strong><br \/><\/strong><\/li>\n<\/ul>\n<p><strong>M\u00e4rz 2011:<\/strong><\/p>\n<p>Der Motor ist eingebaut&#8230;<a href=\"http:\/\/www.motorsport-kaefer.de\/wp-content\/uploads\/IMG_42911.jpg\"><img loading=\"lazy\" class=\"alignleft  wp-image-770\" title=\"IMG_4291\" src=\"http:\/\/www.motorsport-kaefer.de\/wp-content\/uploads\/IMG_42911-300x225.jpg\" alt=\"\" width=\"640\" height=\"480\" srcset=\"https:\/\/www.motorsport-kaefer.de\/wp-content\/uploads\/IMG_42911-300x225.jpg 300w, https:\/\/www.motorsport-kaefer.de\/wp-content\/uploads\/IMG_42911.jpg 1024w\" sizes=\"(max-width: 640px) 100vw, 640px\" \/><\/a><\/p>\n<p><strong>Febr. 2011<\/strong><\/p>\n<p>Der Zusammenbau verl\u00e4uft planm\u00e4\u00dfig ohne Komplikationen.<a href=\"http:\/\/www.motorsport-kaefer.de\/wp-content\/uploads\/IMG_4257.jpg\"><img loading=\"lazy\" class=\"alignleft  wp-image-763\" title=\"IMG_4257\" src=\"http:\/\/www.motorsport-kaefer.de\/wp-content\/uploads\/IMG_4257-300x225.jpg\" alt=\"\" width=\"640\" height=\"480\" srcset=\"https:\/\/www.motorsport-kaefer.de\/wp-content\/uploads\/IMG_4257-300x225.jpg 300w, https:\/\/www.motorsport-kaefer.de\/wp-content\/uploads\/IMG_4257.jpg 1024w\" sizes=\"(max-width: 640px) 100vw, 640px\" \/><\/a><\/p>\n<p><strong>Jan. 2011<\/strong><\/p>\n<p>Kurbeltrieb probemontieren: Um sicherzugehen, dass der Kurbeltrieb verspannungsfrei ist, wurde der Kurbeltrieb mit NW, St\u00f6ssel und KW, aber ohne Pleuel montiert und das Geh\u00e4use mit 40 Nm angezogen. Dann wurde das Achsialspiel der KW eingestellt (0,10 mm) und die Leichtg\u00e4ngigkeit aller Komponenten nacheinander gepr\u00fcft. Einzig die Trockensumpfpumpe musste leicht nachbearbeitet werden (der Zapfen war 1,3 mm zu lang und dr\u00fcckte gegen die NW).<\/p>\n<table border=\"0\">\n<tbody>\n<tr>\n<td><a href=\"http:\/\/www.motorsport-kaefer.de\/wp-content\/uploads\/IMG_4083.jpg\"><img loading=\"lazy\" class=\"alignleft size-medium wp-image-606\" title=\"IMG_4083\" src=\"http:\/\/www.motorsport-kaefer.de\/wp-content\/uploads\/IMG_4083-300x225.jpg\" alt=\"\" width=\"300\" height=\"225\" srcset=\"https:\/\/www.motorsport-kaefer.de\/wp-content\/uploads\/IMG_4083-300x225.jpg 300w, https:\/\/www.motorsport-kaefer.de\/wp-content\/uploads\/IMG_4083.jpg 1024w\" sizes=\"(max-width: 300px) 100vw, 300px\" \/><\/a><\/td>\n<td><a href=\"http:\/\/www.motorsport-kaefer.de\/wp-content\/uploads\/IMG_4085.jpg\"><img loading=\"lazy\" class=\"alignleft size-medium wp-image-607\" title=\"IMG_4085\" src=\"http:\/\/www.motorsport-kaefer.de\/wp-content\/uploads\/IMG_4085-300x225.jpg\" alt=\"\" width=\"300\" height=\"225\" srcset=\"https:\/\/www.motorsport-kaefer.de\/wp-content\/uploads\/IMG_4085-300x225.jpg 300w, https:\/\/www.motorsport-kaefer.de\/wp-content\/uploads\/IMG_4085.jpg 1024w\" sizes=\"(max-width: 300px) 100vw, 300px\" \/><\/a><\/td>\n<\/tr>\n<tr>\n<td><a href=\"http:\/\/www.motorsport-kaefer.de\/wp-content\/uploads\/IMG_4084.jpg\"><img loading=\"lazy\" class=\"alignleft size-medium wp-image-608\" title=\"IMG_4084\" src=\"http:\/\/www.motorsport-kaefer.de\/wp-content\/uploads\/IMG_4084-300x225.jpg\" alt=\"\" width=\"300\" height=\"225\" srcset=\"https:\/\/www.motorsport-kaefer.de\/wp-content\/uploads\/IMG_4084-300x225.jpg 300w, https:\/\/www.motorsport-kaefer.de\/wp-content\/uploads\/IMG_4084.jpg 1024w\" sizes=\"(max-width: 300px) 100vw, 300px\" \/><\/a><\/td>\n<td><a href=\"http:\/\/www.motorsport-kaefer.de\/wp-content\/uploads\/IMG_4086.jpg\"><img loading=\"lazy\" class=\"alignleft size-medium wp-image-611\" title=\"IMG_4086\" src=\"http:\/\/www.motorsport-kaefer.de\/wp-content\/uploads\/IMG_4086-300x225.jpg\" alt=\"\" width=\"300\" height=\"225\" srcset=\"https:\/\/www.motorsport-kaefer.de\/wp-content\/uploads\/IMG_4086-300x225.jpg 300w, https:\/\/www.motorsport-kaefer.de\/wp-content\/uploads\/IMG_4086.jpg 1024w\" sizes=\"(max-width: 300px) 100vw, 300px\" \/><\/a><\/td>\n<td>\u00a0<\/td>\n<\/tr>\n<tr>\n<td>\u00a0<\/td>\n<td>\u00a0<\/td>\n<\/tr>\n<\/tbody>\n<\/table>\n<p><strong>2010:<\/strong><\/p>\n<p>Der Motor von 1990 hatte leider nach dem Bitburg-Einsatz 2007 eine lockere Schwungscheibe.Einmal auseinander, wurde der altgediente Block (\u00fcber 50.000 km ohne Revision!!!) ausgetauscht und 2010 mit modernen Komponeneten best\u00fcckt.<\/p>\n<table class=\"wp-block-table\">\n<tbody>\n<tr>\n<td>\u00a0<\/td>\n<td>\u00a0<\/td>\n<\/tr>\n<tr>\n<td><a href=\"http:\/\/www.motorsport-kaefer.de\/wp-content\/uploads\/IMG_4051.jpg\"><img loading=\"lazy\" class=\"alignleft  wp-image-467\" title=\"IMG_4051\" src=\"http:\/\/www.motorsport-kaefer.de\/wp-content\/uploads\/IMG_4051-300x225.jpg\" alt=\"\" width=\"645\" height=\"484\" srcset=\"https:\/\/www.motorsport-kaefer.de\/wp-content\/uploads\/IMG_4051-300x225.jpg 300w, https:\/\/www.motorsport-kaefer.de\/wp-content\/uploads\/IMG_4051.jpg 1024w\" sizes=\"(max-width: 645px) 100vw, 645px\" \/><\/a>\u00a0\n<p>\u00a0<\/p>\n<p>\u00a0<\/p>\n<p>\u00a0<\/p>\n<p>\u00a0<\/p>\n<p>\u00a0<\/p>\n<p>\u00a0<\/p>\n<p>\u00a0<\/p>\n<p>\u00a0<\/p>\n<p>\u00a0<\/p>\n<p>\u00a0<\/p>\n<p>\u00a0<\/p>\n<p>\u00a0<\/p>\n<p>\u00a0<\/p>\n<p>\u00a0<\/p>\n<p>\u00a0<\/p>\n<p>\u00a0<\/p>\n<p>\u00a0<\/p>\n<p>\u00a0<\/p>\n<p>\u00a0<\/p>\n<p>\u00a0<\/p>\n<p>\u00a0<\/p>\n<p>\u00a0<\/p>\n<p>\u00a0<\/p>\n<p><a href=\"http:\/\/www.motorsport-kaefer.de\/wp-content\/uploads\/IMG_4044.jpg\"><img loading=\"lazy\" class=\"alignleft  wp-image-470\" title=\"IMG_4044\" src=\"http:\/\/www.motorsport-kaefer.de\/wp-content\/uploads\/IMG_4044-300x225.jpg\" alt=\"\" width=\"634\" height=\"475\" srcset=\"https:\/\/www.motorsport-kaefer.de\/wp-content\/uploads\/IMG_4044-300x225.jpg 300w, https:\/\/www.motorsport-kaefer.de\/wp-content\/uploads\/IMG_4044.jpg 1024w\" sizes=\"(max-width: 634px) 100vw, 634px\" \/><\/a><\/p>\n<p>Neue Pleuel (139 mm lang) und 105 mm Kolben.<a href=\"http:\/\/www.motorsport-kaefer.de\/wp-content\/uploads\/IMG_4077.jpg\"><img loading=\"lazy\" class=\"alignleft  wp-image-471\" title=\"IMG_4077\" src=\"http:\/\/www.motorsport-kaefer.de\/wp-content\/uploads\/IMG_4077-225x300.jpg\" alt=\"\" width=\"632\" height=\"842\" srcset=\"https:\/\/www.motorsport-kaefer.de\/wp-content\/uploads\/IMG_4077-225x300.jpg 225w, https:\/\/www.motorsport-kaefer.de\/wp-content\/uploads\/IMG_4077.jpg 768w\" sizes=\"(max-width: 632px) 100vw, 632px\" \/><\/a><\/p>\n<p>Alte 324 Grad Nockenwelle mit geradeverzahnten Antriebsrad.<a href=\"http:\/\/www.motorsport-kaefer.de\/wp-content\/uploads\/IMG_4048.jpg\"><img loading=\"lazy\" class=\"alignleft  wp-image-472\" title=\"IMG_4048\" src=\"http:\/\/www.motorsport-kaefer.de\/wp-content\/uploads\/IMG_4048-225x300.jpg\" alt=\"\" width=\"632\" height=\"843\" srcset=\"https:\/\/www.motorsport-kaefer.de\/wp-content\/uploads\/IMG_4048-225x300.jpg 225w, https:\/\/www.motorsport-kaefer.de\/wp-content\/uploads\/IMG_4048.jpg 768w\" sizes=\"(max-width: 632px) 100vw, 632px\" \/><\/a><\/p>\n<p>Neue Trockensumpfpume (38\/26 mm).<\/p>\n<p><a href=\"http:\/\/www.motorsport-kaefer.de\/wp-content\/uploads\/IMG_4042.jpg\"><img loading=\"lazy\" class=\"alignleft  wp-image-473\" title=\"IMG_4042\" src=\"http:\/\/www.motorsport-kaefer.de\/wp-content\/uploads\/IMG_4042-300x225.jpg\" alt=\"\" width=\"628\" height=\"471\" srcset=\"https:\/\/www.motorsport-kaefer.de\/wp-content\/uploads\/IMG_4042-300x225.jpg 300w, https:\/\/www.motorsport-kaefer.de\/wp-content\/uploads\/IMG_4042.jpg 1024w\" sizes=\"(max-width: 628px) 100vw, 628px\" \/><\/a><\/p>\n<p><a href=\"http:\/\/www.motorsport-kaefer.de\/wp-content\/uploads\/IMG_40561.jpg\"><img loading=\"lazy\" class=\"alignleft  wp-image-469\" title=\"IMG_4056\" src=\"http:\/\/www.motorsport-kaefer.de\/wp-content\/uploads\/IMG_40561-225x300.jpg\" alt=\"\" width=\"626\" height=\"835\" srcset=\"https:\/\/www.motorsport-kaefer.de\/wp-content\/uploads\/IMG_40561-225x300.jpg 225w, https:\/\/www.motorsport-kaefer.de\/wp-content\/uploads\/IMG_40561.jpg 768w\" sizes=\"(max-width: 626px) 100vw, 626px\" \/><\/a><\/p>\n<\/td>\n<\/tr>\n<\/tbody>\n<\/table>\n<p>NW einmessen: Um die 324 Grad Nockenwelle (Schleicher mit kleinem Grundkreis) optimal auf einen 2,7 l-Motor abzustimmen, haben wir bereits 1990 mit einer verstellbaren NW verschiedene Einstellungen getestet. Mit 4 Grad sp\u00e4t (dadurch wird die NW sch\u00e4rfer!) haben wir die besten Ergebnisse erzielt (die alten Porsche Modelle Anfang der 70iger hatten alle die gleichen Nockenwellen, nur anders eingemessen &#8211; die S-Modelle hatten 6 Grad sp\u00e4ter als die T-Modelle). <strong><a href=\"https:\/\/www.motorsport-kaefer.de\/wp-content\/uploads\/NW-einmessen2.mov\">-&gt; NW einmessen<\/a><\/strong><\/p>\n<p><a href=\"http:\/\/www.motorsport-kaefer.de\/wp-content\/uploads\/2011-OT-KW.jpg\"><img loading=\"lazy\" class=\"alignleft  wp-image-637\" title=\"2011 OT-KW\" src=\"http:\/\/www.motorsport-kaefer.de\/wp-content\/uploads\/2011-OT-KW-300x225.jpg\" alt=\"\" width=\"647\" height=\"485\" srcset=\"https:\/\/www.motorsport-kaefer.de\/wp-content\/uploads\/2011-OT-KW-300x225.jpg 300w, https:\/\/www.motorsport-kaefer.de\/wp-content\/uploads\/2011-OT-KW-1024x768.jpg 1024w, https:\/\/www.motorsport-kaefer.de\/wp-content\/uploads\/2011-OT-KW.jpg 2048w\" sizes=\"(max-width: 647px) 100vw, 647px\" \/><\/a><\/p>\n<\/div>\n<div>\u00a0<\/div>\n<div>\u00a0<\/div>\n<div>\u00a0<\/div>\n<div>\u00a0<\/div>\n<div>\u00a0<\/div>\n<div>\u00a0<\/div>\n<div>\u00a0<\/div>\n<div>\u00a0<\/div>\n<div>\u00a0<\/div>\n<div>\u00a0<\/div>\n<div>\u00a0<\/div>\n<div>\u00a0<\/div>\n<div>\u00a0<\/div>\n<div>\u00a0<\/div>\n<div>\u00a0<\/div>\n<div>\u00a0<\/div>\n<div>\u00a0<\/div>\n<div>\u00a0<\/div>\n<div>\u00a0<\/div>\n<div>\u00a0<\/div>\n<div>\u00a0<\/div>\n<div>Zuerst den OT der KW pr\u00fcfen (viele Riemenscheiben sind nicht exakt!), dann<\/div>\n<div><a href=\"http:\/\/www.motorsport-kaefer.de\/wp-content\/uploads\/2011-OT-NW-4-Grad.jpg\"><img loading=\"lazy\" class=\"alignleft  wp-image-638\" title=\"2011 OT-NW -4 Grad\" src=\"http:\/\/www.motorsport-kaefer.de\/wp-content\/uploads\/2011-OT-NW-4-Grad-300x225.jpg\" alt=\"\" width=\"649\" height=\"487\" srcset=\"https:\/\/www.motorsport-kaefer.de\/wp-content\/uploads\/2011-OT-NW-4-Grad-300x225.jpg 300w, https:\/\/www.motorsport-kaefer.de\/wp-content\/uploads\/2011-OT-NW-4-Grad-1024x768.jpg 1024w, https:\/\/www.motorsport-kaefer.de\/wp-content\/uploads\/2011-OT-NW-4-Grad.jpg 2048w\" sizes=\"(max-width: 649px) 100vw, 649px\" \/><\/a><\/div>\n<div>\u00a0<\/div>\n<div>\u00a0<\/div>\n<div>\u00a0<\/div>\n<div>\u00a0<\/div>\n<div>\u00a0<\/div>\n<div>\u00a0<\/div>\n<div>\u00a0<\/div>\n<div>\u00a0<\/div>\n<div>\u00a0<\/div>\n<div>\u00a0<\/div>\n<div>\u00a0<\/div>\n<div>\u00a0<\/div>\n<div>\u00a0<\/div>\n<div>\u00a0<\/div>\n<div>\u00a0<\/div>\n<div>\u00a0<\/div>\n<div>\u00a0<\/div>\n<div>\u00a0<\/div>\n<div>\u00a0<\/div>\n<div>\u00a0<\/div>\n<div>\u00a0<\/div>\n<div>&#8230; die Nockenwelle auf \u00dcberschneidung stellen (Einlass und Auslassnocke sind beide gleich hoch), dann Gradzahl ablesen:4 Grad sp\u00e4t (wie hier) entsprechen einer sch\u00e4rferen Nocke (bei gro\u00dfen Hubr\u00e4umen und oder Rennmotoren zu empfehlen).<\/div>\n<div>\u00a0<\/div>\n<div>\u00a0<\/div>\n<div>\u00a0<\/div>\n<p><strong>1990:<\/strong><\/p>\n<p><a href=\"http:\/\/www.motorsport-kaefer.de\/wp-content\/uploads\/1990-Motorteile.jpg\"><img loading=\"lazy\" class=\"\" title=\"1990 Motorteile\" src=\"http:\/\/www.motorsport-kaefer.de\/wp-content\/uploads\/1990-Motorteile-202x300.jpg\" alt=\"\" width=\"646\" height=\"959\" \/><\/a><\/p>\n<p>Die Zylinderk\u00f6pfe von 1990 sind seit \u00fcber 20 Jahren konzeptionell unver\u00e4ndert. Sie wurden 2008 und 2010 \u00fcberarbeitet (neue Ventilf\u00fchrungen, f\u00fcr 105 mm aufgearbeitet) und waren bis 2018 noch im Einsatz.<\/p>\n<p><a href=\"http:\/\/www.motorsport-kaefer.de\/wp-content\/uploads\/ZK_P60.jpg\"><img loading=\"lazy\" class=\"alignleft\" title=\"ZK_P60\" src=\"http:\/\/www.motorsport-kaefer.de\/wp-content\/uploads\/ZK_P60.jpg\" alt=\"\" width=\"637\" height=\"478\" \/><\/a><a href=\"http:\/\/www.motorsport-kaefer.de\/wp-content\/uploads\/1990-ZK.jpg\"><img loading=\"lazy\" class=\"\" title=\"1990 ZK\" src=\"http:\/\/www.motorsport-kaefer.de\/wp-content\/uploads\/1990-ZK-221x300.jpg\" alt=\"\" width=\"635\" height=\"862\" \/><\/a><\/p>\n\n\n<p><\/p>\n","protected":false},"excerpt":{"rendered":"<p>Nachfolgend sind die Entwicklungsstufen der verschiedenen Motorkonzepte dokumentiert: 2,9l: 285 PS, 339 Nm, 84 mm Hub, 105 mm Bohrung, CNC-Zylinderk\u00f6pfe 3,0l: 271 PS, 340 Nm, 86 mm Hub, 105 mm Bohrung, CNC-Zylinderk\u00f6pfe (Upgrade wird derzeit durchgef\u00fchrt) 2,7l: 228 PS, 289 Nm, 78 mm Hub, 105 mm Bohrung, Typ4-Zylinderk\u00f6pfe (2019 neue Zylinderk\u00f6pfe, noch nicht gemessen) 2019: &hellip; <\/p>\n<p class=\"link-more\"><a href=\"https:\/\/www.motorsport-kaefer.de\/?page_id=598\" class=\"more-link\"><span class=\"screen-reader-text\">\u201eMotorentwicklung\u201c<\/span> weiterlesen<\/a><\/p>\n","protected":false},"author":2,"featured_media":0,"parent":27,"menu_order":1,"comment_status":"closed","ping_status":"closed","template":"","meta":[],"_links":{"self":[{"href":"https:\/\/www.motorsport-kaefer.de\/index.php?rest_route=\/wp\/v2\/pages\/598"}],"collection":[{"href":"https:\/\/www.motorsport-kaefer.de\/index.php?rest_route=\/wp\/v2\/pages"}],"about":[{"href":"https:\/\/www.motorsport-kaefer.de\/index.php?rest_route=\/wp\/v2\/types\/page"}],"author":[{"embeddable":true,"href":"https:\/\/www.motorsport-kaefer.de\/index.php?rest_route=\/wp\/v2\/users\/2"}],"replies":[{"embeddable":true,"href":"https:\/\/www.motorsport-kaefer.de\/index.php?rest_route=%2Fwp%2Fv2%2Fcomments&post=598"}],"version-history":[{"count":236,"href":"https:\/\/www.motorsport-kaefer.de\/index.php?rest_route=\/wp\/v2\/pages\/598\/revisions"}],"predecessor-version":[{"id":1687,"href":"https:\/\/www.motorsport-kaefer.de\/index.php?rest_route=\/wp\/v2\/pages\/598\/revisions\/1687"}],"up":[{"embeddable":true,"href":"https:\/\/www.motorsport-kaefer.de\/index.php?rest_route=\/wp\/v2\/pages\/27"}],"wp:attachment":[{"href":"https:\/\/www.motorsport-kaefer.de\/index.php?rest_route=%2Fwp%2Fv2%2Fmedia&parent=598"}],"curies":[{"name":"wp","href":"https:\/\/api.w.org\/{rel}","templated":true}]}}