{"id":272,"date":"2011-01-26T15:47:06","date_gmt":"2011-01-26T14:47:06","guid":{"rendered":"http:\/\/www.motorsport-kaefer.de\/?page_id=272"},"modified":"2019-03-04T14:03:03","modified_gmt":"2019-03-04T13:03:03","slug":"wilke-motorenbau","status":"publish","type":"page","link":"https:\/\/www.motorsport-kaefer.de\/?page_id=272","title":{"rendered":"Historie Wilke Motorenbau"},"content":{"rendered":"<p>Wilke Motorenbau wurde 1966 von Harald Wilke in K\u00f6ln gegr\u00fcndet. Er spezialisierte sich auf die \u00dcberarbeitung von VW Boxermotoren, insbesondere Typ 4-Motoren.<\/p>\n<p>Seit 1987 kam ein Typ 4-Motorenprogramm f\u00fcr VW K\u00e4fer hinzu:<\/p>\n<p><a href=\"https:\/\/www.motorsport-kaefer.de\/wp-content\/uploads\/1987-1.-Wilke-Prospekt.pdf\">1987 1. Wilke Prospekt<\/a><\/p>\n<p><a href=\"https:\/\/www.motorsport-kaefer.de\/wp-content\/uploads\/1990-Wilke-Prospekt-V.pdf\">1990 4. Wilke Prospekt<\/a><\/p>\n<p>Seitdem ist Wilke Motorentechnik bei den verschiedensten K\u00e4ferveranstaltungen pr\u00e4sent und erfolgreich. Pressestimmen:<\/p>\n<p><a href=\"..\/wp-content\/uploads\/1990-Artikel-PR-Cup-Gewinner-19891.pdf\">1990 Artikel PR-Cup-Gewinner 1989<\/a><\/p>\n<p><a href=\"..\/wp-content\/uploads\/1990-J%C3%A4ger_90.pdf\">1990 J\u00e4ger_90<\/a><\/p>\n<p><a href=\"https:\/\/www.motorsport-kaefer.de\/wp-content\/uploads\/1993-GD_Bericht1.pdf\">1992 Dragster Rennen Gro\u00df D\u00f6lln: Beide Wilke K\u00e4fer im Endlauf<\/a><\/p>\n<p><a href=\"..\/wp-content\/uploads\/1992-Wilke-Firmenportrait.pdf\">1992 Wilke Firmenportrait<\/a><\/p>\n<table style=\"width: 767px; height: 257px;\" border=\"0\">\n<tbody>\n<tr>\n<td>Wilke Motorenbau 1988<\/td>\n<td><\/td>\n<\/tr>\n<tr>\n<td><a href=\"http:\/\/www.motorsport-kaefer.de\/wp-content\/uploads\/1988-Wilke-Verkaufsraum.jpg\"><img loading=\"lazy\" class=\"alignleft size-medium wp-image-275\" title=\"1988 Wilke Verkaufsraum\" src=\"http:\/\/www.motorsport-kaefer.de\/wp-content\/uploads\/1988-Wilke-Verkaufsraum-300x177.jpg\" alt=\"\" width=\"263\" height=\"155\" srcset=\"https:\/\/www.motorsport-kaefer.de\/wp-content\/uploads\/1988-Wilke-Verkaufsraum-300x177.jpg 300w, https:\/\/www.motorsport-kaefer.de\/wp-content\/uploads\/1988-Wilke-Verkaufsraum.jpg 833w\" sizes=\"(max-width: 263px) 100vw, 263px\" \/><\/a><\/td>\n<td><a href=\"http:\/\/www.motorsport-kaefer.de\/wp-content\/uploads\/1990-Gespann-1.jpg\"><img loading=\"lazy\" class=\"alignleft size-medium wp-image-277\" title=\"1990 Gespann 1\" src=\"http:\/\/www.motorsport-kaefer.de\/wp-content\/uploads\/1990-Gespann-1-300x173.jpg\" alt=\"\" width=\"256\" height=\"147\" srcset=\"https:\/\/www.motorsport-kaefer.de\/wp-content\/uploads\/1990-Gespann-1-300x173.jpg 300w, https:\/\/www.motorsport-kaefer.de\/wp-content\/uploads\/1990-Gespann-1.jpg 500w\" sizes=\"(max-width: 256px) 100vw, 256px\" \/><\/a><\/td>\n<td><\/td>\n<\/tr>\n<tr>\n<td><a href=\"http:\/\/www.motorsport-kaefer.de\/wp-content\/uploads\/1989-Motorenkarussel.jpg\"><img loading=\"lazy\" class=\"alignleft size-medium wp-image-736\" title=\"1989 Motorenkarussel\" src=\"http:\/\/www.motorsport-kaefer.de\/wp-content\/uploads\/1989-Motorenkarussel-298x300.jpg\" alt=\"\" width=\"259\" height=\"260\" srcset=\"https:\/\/www.motorsport-kaefer.de\/wp-content\/uploads\/1989-Motorenkarussel-298x300.jpg 298w, https:\/\/www.motorsport-kaefer.de\/wp-content\/uploads\/1989-Motorenkarussel-150x150.jpg 150w, https:\/\/www.motorsport-kaefer.de\/wp-content\/uploads\/1989-Motorenkarussel.jpg 768w\" sizes=\"(max-width: 259px) 100vw, 259px\" \/><\/a><\/td>\n<td><a href=\"http:\/\/www.motorsport-kaefer.de\/wp-content\/uploads\/1990-Motor.jpg\"><img loading=\"lazy\" class=\"alignleft size-medium wp-image-737\" title=\"1990 Motor\" src=\"http:\/\/www.motorsport-kaefer.de\/wp-content\/uploads\/1990-Motor-300x273.jpg\" alt=\"\" width=\"287\" height=\"261\" srcset=\"https:\/\/www.motorsport-kaefer.de\/wp-content\/uploads\/1990-Motor-300x273.jpg 300w, https:\/\/www.motorsport-kaefer.de\/wp-content\/uploads\/1990-Motor.jpg 810w\" sizes=\"(max-width: 287px) 100vw, 287px\" \/><\/a><\/td>\n<td><\/td>\n<\/tr>\n<\/tbody>\n<\/table>\n","protected":false},"excerpt":{"rendered":"<p>Wilke Motorenbau wurde 1966 von Harald Wilke in K\u00f6ln gegr\u00fcndet. Er spezialisierte sich auf die \u00dcberarbeitung von VW Boxermotoren, insbesondere Typ 4-Motoren. Seit 1987 kam ein Typ 4-Motorenprogramm f\u00fcr VW K\u00e4fer hinzu: 1987 1. Wilke Prospekt 1990 4. Wilke Prospekt Seitdem ist Wilke Motorentechnik bei den verschiedensten K\u00e4ferveranstaltungen pr\u00e4sent und erfolgreich. Pressestimmen: 1990 Artikel PR-Cup-Gewinner &hellip; <\/p>\n<p class=\"link-more\"><a href=\"https:\/\/www.motorsport-kaefer.de\/?page_id=272\" class=\"more-link\"><span class=\"screen-reader-text\">\u201eHistorie Wilke Motorenbau\u201c<\/span> weiterlesen<\/a><\/p>\n","protected":false},"author":2,"featured_media":0,"parent":31,"menu_order":27,"comment_status":"closed","ping_status":"closed","template":"","meta":[],"_links":{"self":[{"href":"https:\/\/www.motorsport-kaefer.de\/index.php?rest_route=\/wp\/v2\/pages\/272"}],"collection":[{"href":"https:\/\/www.motorsport-kaefer.de\/index.php?rest_route=\/wp\/v2\/pages"}],"about":[{"href":"https:\/\/www.motorsport-kaefer.de\/index.php?rest_route=\/wp\/v2\/types\/page"}],"author":[{"embeddable":true,"href":"https:\/\/www.motorsport-kaefer.de\/index.php?rest_route=\/wp\/v2\/users\/2"}],"replies":[{"embeddable":true,"href":"https:\/\/www.motorsport-kaefer.de\/index.php?rest_route=%2Fwp%2Fv2%2Fcomments&post=272"}],"version-history":[{"count":26,"href":"https:\/\/www.motorsport-kaefer.de\/index.php?rest_route=\/wp\/v2\/pages\/272\/revisions"}],"predecessor-version":[{"id":1238,"href":"https:\/\/www.motorsport-kaefer.de\/index.php?rest_route=\/wp\/v2\/pages\/272\/revisions\/1238"}],"up":[{"embeddable":true,"href":"https:\/\/www.motorsport-kaefer.de\/index.php?rest_route=\/wp\/v2\/pages\/31"}],"wp:attachment":[{"href":"https:\/\/www.motorsport-kaefer.de\/index.php?rest_route=%2Fwp%2Fv2%2Fmedia&parent=272"}],"curies":[{"name":"wp","href":"https:\/\/api.w.org\/{rel}","templated":true}]}}