{"id":27,"date":"2011-01-16T23:41:52","date_gmt":"2011-01-16T22:41:52","guid":{"rendered":"http:\/\/www.motorsport-kaefer.de\/?page_id=27"},"modified":"2019-03-16T08:34:30","modified_gmt":"2019-03-16T07:34:30","slug":"kafer","status":"publish","type":"page","link":"https:\/\/www.motorsport-kaefer.de\/?page_id=27","title":{"rendered":"Technik K\u00e4fer (2011)"},"content":{"rendered":"<table cellspacing=\"0\" cellpadding=\"0\">\n<tbody>\n<tr>\n<td valign=\"middle\"><strong>VW 1303 RS 2,7<\/strong><\/td>\n<td valign=\"middle\">Bj. 1973<\/td>\n<\/tr>\n<tr>\n<td valign=\"middle\">Historie:<\/p>\n<p><a href=\"http:\/\/www.motorsport-kaefer.de\/wp-content\/uploads\/Nbg-GP-2010.jpg\"><img loading=\"lazy\" class=\"alignleft size-thumbnail wp-image-184\" title=\"Nbg GP 2010\" src=\"http:\/\/www.motorsport-kaefer.de\/wp-content\/uploads\/Nbg-GP-2010-150x150.jpg\" alt=\"\" width=\"150\" height=\"150\"><\/a><\/td>\n<td valign=\"middle\">1985 Restaurierung des \u201eAbi 1985\u201c- Fahrzeugs<\/p>\n<p>1986 Motorumbau<\/p>\n<p>1986-1991 Slalom (verschiedene Siege in der K\u00e4fer-Klasse), Heidbergring (Sieger 1987)<\/p>\n<p>1988-1992 Drag-Racing (12,6 s auf die Viertelmeile),<\/p>\n<p>1999 R\u00fcckbau zum Youngtimer<\/p>\n<p>seit 2004 Trackdays Heidbergring<\/p>\n<p>seit 2010 Trackdays N\u00fcrburgring GP-Kurs<\/p>\n<p><a href=\"https:\/\/www.motorsport-kaefer.de\/?page_id=31\">mehr zur Historie des K\u00e4fers&#8230;<\/a><\/td>\n<\/tr>\n<tr>\n<td valign=\"middle\">Motor:<\/td>\n<td valign=\"middle\">Vierzylinder-Boxermotor 2,7 l<\/td>\n<\/tr>\n<tr>\n<td valign=\"middle\">Motor-Modifikationen:<img loading=\"lazy\" class=\"alignleft size-thumbnail wp-image-177\" title=\"2010 April-Mai 266\" src=\"http:\/\/www.motorsport-kaefer.de\/wp-content\/uploads\/2010-April-Mai-266-150x150.jpg\" alt=\"\" width=\"150\" height=\"150\"><\/td>\n<td valign=\"middle\"><a href=\"https:\/\/www.wilke-motorenbau.de\/\">Wilke Motorenbau, K\u00f6ln<\/a><\/p>\n<p>1990: 212 PS (bei VGS gemessen)<\/p>\n<p>2010: 190-200 PS (gesch\u00e4tzt, Laufleistung ca. 50.000 km)<\/p>\n<p>2011: 223 PS<\/p>\n<p><a href=\"https:\/\/www.motorsport-kaefer.de\/?page_id=206\">Technikbilder<\/a><\/td>\n<\/tr>\n<tr>\n<td valign=\"middle\">Fahrzeug-Modifikationen:<a href=\"http:\/\/www.motorsport-kaefer.de\/wp-content\/uploads\/Innen.jpg\"><img loading=\"lazy\" class=\"alignleft size-thumbnail wp-image-182\" title=\"Innen\" src=\"http:\/\/www.motorsport-kaefer.de\/wp-content\/uploads\/Innen-150x150.jpg\" alt=\"\" width=\"150\" height=\"150\"><\/a><\/td>\n<td valign=\"middle\">Schalensitze, H-Gurte, R\u00fcckbank entfernt<\/p>\n<p>Leergewicht: 860 kg<\/td>\n<\/tr>\n<tr>\n<td valign=\"middle\">Bremsanlage:<a href=\"http:\/\/www.motorsport-kaefer.de\/wp-content\/uploads\/Fronleichnahm-2010-005.jpg\"><img loading=\"lazy\" class=\"alignleft size-thumbnail wp-image-180\" title=\"Fronleichnahm 2010 005\" src=\"http:\/\/www.motorsport-kaefer.de\/wp-content\/uploads\/Fronleichnahm-2010-005-120x150.jpg\" alt=\"\" width=\"146\" height=\"182\"><\/a><\/td>\n<td valign=\"middle\">VA: Innenbel. Scheibenbremsen, Bremss\u00e4ttel&nbsp; 996HA<br \/>\nHA: Scheibenbremsen<\/td>\n<\/tr>\n<tr>\n<td valign=\"middle\">Fahrwerk:<a href=\"http:\/\/www.motorsport-kaefer.de\/wp-content\/uploads\/Federbein-HA.jpg\"><img loading=\"lazy\" class=\"alignleft size-thumbnail wp-image-183\" title=\"Federbein HA\" src=\"http:\/\/www.motorsport-kaefer.de\/wp-content\/uploads\/Federbein-HA-150x150.jpg\" alt=\"\" width=\"150\" height=\"150\"><\/a><\/td>\n<td valign=\"middle\">VA: K&amp;W (h\u00f6henverstellbar &amp; einstellbare D\u00e4mpfer)<\/p>\n<p>HA: Federbeine (h\u00f6henverstellbar &amp; einstellbare D\u00e4mpfer)<\/p>\n<p>Sturzeinstellung optimiert<\/td>\n<\/tr>\n<tr>\n<td valign=\"middle\">Reifen:<\/td>\n<td valign=\"middle\">VA: Toyo Proxes R 888 195\/50 X 15 auf 5,5\u00b4\u00b4 Stahlfelge<\/p>\n<p>HA: Toyo Proxes R 888 205\/50 X 15 auf 7\u00b4\u00b4 Stahlfelge<\/td>\n<\/tr>\n<tr>\n<td valign=\"middle\">Leistungsgewicht:<\/td>\n<td valign=\"middle\">3,9 kg\/PS<\/td>\n<\/tr>\n<\/tbody>\n<\/table>\n","protected":false},"excerpt":{"rendered":"<p>VW 1303 RS 2,7 Bj. 1973 Historie: 1985 Restaurierung des \u201eAbi 1985\u201c- Fahrzeugs 1986 Motorumbau 1986-1991 Slalom (verschiedene Siege in der K\u00e4fer-Klasse), Heidbergring (Sieger 1987) 1988-1992 Drag-Racing (12,6 s auf die Viertelmeile), 1999 R\u00fcckbau zum Youngtimer seit 2004 Trackdays Heidbergring seit 2010 Trackdays N\u00fcrburgring GP-Kurs mehr zur Historie des K\u00e4fers&#8230; Motor: Vierzylinder-Boxermotor 2,7 l Motor-Modifikationen: &hellip; <\/p>\n<p class=\"link-more\"><a href=\"https:\/\/www.motorsport-kaefer.de\/?page_id=27\" class=\"more-link\"><span class=\"screen-reader-text\">\u201eTechnik K\u00e4fer (2011)\u201c<\/span> weiterlesen<\/a><\/p>\n","protected":false},"author":2,"featured_media":6,"parent":13,"menu_order":2,"comment_status":"closed","ping_status":"closed","template":"","meta":[],"_links":{"self":[{"href":"https:\/\/www.motorsport-kaefer.de\/index.php?rest_route=\/wp\/v2\/pages\/27"}],"collection":[{"href":"https:\/\/www.motorsport-kaefer.de\/index.php?rest_route=\/wp\/v2\/pages"}],"about":[{"href":"https:\/\/www.motorsport-kaefer.de\/index.php?rest_route=\/wp\/v2\/types\/page"}],"author":[{"embeddable":true,"href":"https:\/\/www.motorsport-kaefer.de\/index.php?rest_route=\/wp\/v2\/users\/2"}],"replies":[{"embeddable":true,"href":"https:\/\/www.motorsport-kaefer.de\/index.php?rest_route=%2Fwp%2Fv2%2Fcomments&post=27"}],"version-history":[{"count":80,"href":"https:\/\/www.motorsport-kaefer.de\/index.php?rest_route=\/wp\/v2\/pages\/27\/revisions"}],"predecessor-version":[{"id":1489,"href":"https:\/\/www.motorsport-kaefer.de\/index.php?rest_route=\/wp\/v2\/pages\/27\/revisions\/1489"}],"up":[{"embeddable":true,"href":"https:\/\/www.motorsport-kaefer.de\/index.php?rest_route=\/wp\/v2\/pages\/13"}],"wp:featuredmedia":[{"embeddable":true,"href":"https:\/\/www.motorsport-kaefer.de\/index.php?rest_route=\/wp\/v2\/media\/6"}],"wp:attachment":[{"href":"https:\/\/www.motorsport-kaefer.de\/index.php?rest_route=%2Fwp%2Fv2%2Fmedia&parent=27"}],"curies":[{"name":"wp","href":"https:\/\/api.w.org\/{rel}","templated":true}]}}