{"id":1381,"date":"2019-03-15T18:55:09","date_gmt":"2019-03-15T17:55:09","guid":{"rendered":"https:\/\/www.motorsport-kaefer.de\/?page_id=1381"},"modified":"2019-04-13T13:55:30","modified_gmt":"2019-04-13T11:55:30","slug":"kauf-1984","status":"publish","type":"page","link":"https:\/\/www.motorsport-kaefer.de\/?page_id=1381","title":{"rendered":"Foto- und Videos"},"content":{"rendered":"\n<p><a href=\"https:\/\/www.motorsport-kaefer.de\/?page_id=198\">Die Anfangsjahre 1987\/88<\/a><\/p>\n\n\n\n<p><a href=\"https:\/\/www.motorsport-kaefer.de\/?page_id=304\">Dragsterjahre 1989-1992<\/a><\/p>\n\n\n\n<p><a href=\"https:\/\/www.motorsport-kaefer.de\/?page_id=725\">Porschek\u00e4fer 1995<\/a><\/p>\n\n\n\n<p><a href=\"https:\/\/www.motorsport-kaefer.de\/?page_id=527\">Youngtimer 1999-2011<\/a><\/p>\n\n\n\n<p><a href=\"https:\/\/www.motorsport-kaefer.de\/?page_id=1235\">Motorsportk\u00e4fer ab 2012<\/a> <\/p>\n\n\n\n<p><a href=\"https:\/\/www.motorsport-kaefer.de\/?page_id=1665\">Leistungspr\u00fcfstand<\/a><\/p>\n","protected":false},"excerpt":{"rendered":"<p>Die Anfangsjahre 1987\/88 Dragsterjahre 1989-1992 Porschek\u00e4fer 1995 Youngtimer 1999-2011 Motorsportk\u00e4fer ab 2012 Leistungspr\u00fcfstand<\/p>\n","protected":false},"author":2,"featured_media":0,"parent":13,"menu_order":0,"comment_status":"closed","ping_status":"closed","template":"","meta":[],"_links":{"self":[{"href":"https:\/\/www.motorsport-kaefer.de\/index.php?rest_route=\/wp\/v2\/pages\/1381"}],"collection":[{"href":"https:\/\/www.motorsport-kaefer.de\/index.php?rest_route=\/wp\/v2\/pages"}],"about":[{"href":"https:\/\/www.motorsport-kaefer.de\/index.php?rest_route=\/wp\/v2\/types\/page"}],"author":[{"embeddable":true,"href":"https:\/\/www.motorsport-kaefer.de\/index.php?rest_route=\/wp\/v2\/users\/2"}],"replies":[{"embeddable":true,"href":"https:\/\/www.motorsport-kaefer.de\/index.php?rest_route=%2Fwp%2Fv2%2Fcomments&post=1381"}],"version-history":[{"count":7,"href":"https:\/\/www.motorsport-kaefer.de\/index.php?rest_route=\/wp\/v2\/pages\/1381\/revisions"}],"predecessor-version":[{"id":1674,"href":"https:\/\/www.motorsport-kaefer.de\/index.php?rest_route=\/wp\/v2\/pages\/1381\/revisions\/1674"}],"up":[{"embeddable":true,"href":"https:\/\/www.motorsport-kaefer.de\/index.php?rest_route=\/wp\/v2\/pages\/13"}],"wp:attachment":[{"href":"https:\/\/www.motorsport-kaefer.de\/index.php?rest_route=%2Fwp%2Fv2%2Fmedia&parent=1381"}],"curies":[{"name":"wp","href":"https:\/\/api.w.org\/{rel}","templated":true}]}}