{"id":13,"date":"2011-01-16T23:02:09","date_gmt":"2011-01-16T23:02:09","guid":{"rendered":"http:\/\/www.motorsport-kaefer.de\/?page_id=13"},"modified":"2019-04-28T17:32:36","modified_gmt":"2019-04-28T15:32:36","slug":"home-2","status":"publish","type":"page","link":"https:\/\/www.motorsport-kaefer.de\/","title":{"rendered":"K\u00e4fer frisieren"},"content":{"rendered":"<p>Der VW-K\u00e4fer ist <strong>die <\/strong>Automobillegende, den VW-K\u00e4fer zu frisieren (neudeutsch auch K\u00e4fertuning genannt) ist seit \u00fcber 50 Jahren ein weltweit beliebtes und spassiges Hobby.<\/p>\n<p><strong>motorsport-kaefer.de <\/strong>berichtet \u00fcber <strong>ein <\/strong>weiteres von \u00fcber 21,5 Millionen Exemplaren und zeigt damit abermals das enorme Potential dieser uralten Porsche-Konstruktion. Einen, im Sinne der Konstrukteursfamilie Porsche konzipierten VW K\u00e4fers, der seit \u00fcber 30 Jahren bei den verschiedensten Motorsportveranstaltungen erfolgreich teilgenommen hat und weiterhin teilnimmt.<\/p>\n<p><a href=\"https:\/\/www.motorsport-kaefer.de\/wp-content\/uploads\/IMG_4699.jpg\"><img loading=\"lazy\" class=\"alignleft size-full wp-image-1524\" src=\"https:\/\/www.motorsport-kaefer.de\/wp-content\/uploads\/IMG_4699.jpg\" alt=\"\" width=\"1153\" height=\"769\" srcset=\"https:\/\/www.motorsport-kaefer.de\/wp-content\/uploads\/IMG_4699.jpg 1153w, https:\/\/www.motorsport-kaefer.de\/wp-content\/uploads\/IMG_4699-300x200.jpg 300w, https:\/\/www.motorsport-kaefer.de\/wp-content\/uploads\/IMG_4699-768x512.jpg 768w, https:\/\/www.motorsport-kaefer.de\/wp-content\/uploads\/IMG_4699-1024x683.jpg 1024w\" sizes=\"(max-width: 767px) 89vw, (max-width: 1000px) 54vw, (max-width: 1071px) 543px, 580px\" \/><\/a><\/p>\n<p>Manchmal auch mit verbremsern und drehern &#8211; so wie es sich f\u00fcr echten Motorsport geh\u00f6rt. Aber immer mit viel Spa\u00df und Emotion, auch dank eines echten ungefilterten Motorsounds &#8230;.. doch h\u00f6rt selbst in den <a href=\"https:\/\/www.motorsport-kaefer.de\/?page_id=1235\">Videos<\/a>\u00a0.<\/p>\n<p>Aktuelle Bestzeit auf der N\u00fcrburgring GP-Strecke:\u00a0<strong>2:26 s\u00a0 <\/strong><a href=\"https:\/\/www.facebook.com\/1769911499900344\/videos\/2678275465730605?sfns=mo\">Video N\u00fcrburgring 2018<\/a><\/p>\n<p>Weiter <a href=\"https:\/\/www.motorsport-kaefer.de\/?page_id=1235\">Videos<\/a> oder auf Facebook.<\/p>\n<p><a href=\"https:\/\/www.facebook.com\/Motorsport-K%C3%A4fer-1769911499900344\/\"><img loading=\"lazy\" class=\"alignleft wp-image-1494\" src=\"https:\/\/www.motorsport-kaefer.de\/wp-content\/uploads\/DE26621F-5F7B-44DF-944C-4112F14530DD.jpeg\" alt=\"\" width=\"104\" height=\"104\" srcset=\"https:\/\/www.motorsport-kaefer.de\/wp-content\/uploads\/DE26621F-5F7B-44DF-944C-4112F14530DD.jpeg 938w, https:\/\/www.motorsport-kaefer.de\/wp-content\/uploads\/DE26621F-5F7B-44DF-944C-4112F14530DD-150x150.jpeg 150w, https:\/\/www.motorsport-kaefer.de\/wp-content\/uploads\/DE26621F-5F7B-44DF-944C-4112F14530DD-300x300.jpeg 300w, https:\/\/www.motorsport-kaefer.de\/wp-content\/uploads\/DE26621F-5F7B-44DF-944C-4112F14530DD-768x770.jpeg 768w, https:\/\/www.motorsport-kaefer.de\/wp-content\/uploads\/DE26621F-5F7B-44DF-944C-4112F14530DD-100x100.jpeg 100w\" sizes=\"(max-width: 104px) 100vw, 104px\" \/><\/a><\/p>\n<p>\u00a0<\/p>\n<p><strong>Aktuelles immer auf Facebook: <a href=\"https:\/\/www.facebook.com\/Motorsport-K%C3%A4fer-1769911499900344\/\">Motorsport-K\u00e4fer<\/a><\/strong><\/p>\n<p>\u00a0<\/p>\n<p><!--more--><\/p>\n<p>Prof. Porsche hatte Recht: <strong>Geringes Gewicht ist das Hauptkriterium f\u00fcr einem Sportwagen. <\/strong>Wenn ein Fahrzeug wie mein K\u00e4fer, \u00a0200 PS st\u00e4rkere Fahrzeuge auf der Geraden ausbeschleunigt und im Brems- und Kurvenbereich problemlos dranbleiben kann, dann kann dies nur am Gewicht liegen \u2013 \u00a0die gute Aerodynamik der K\u00e4fers kann es nicht sein\u2026..<\/p>\n<p>Eine Auflistung von Leistungsgewichten der \u00fcblichen Track-Tools zeigt, warum der K\u00e4fer trotz seines hohen Schwerpunkts und der schlechten Aerodynamik mithalten kann:<img loading=\"lazy\" class=\"alignleft wp-image-1502 size-full\" src=\"https:\/\/www.motorsport-kaefer.de\/wp-content\/uploads\/A60283D9-52B1-4535-A8E3-15477CDD17FE.jpeg\" alt=\"\" width=\"963\" height=\"1870\" srcset=\"https:\/\/www.motorsport-kaefer.de\/wp-content\/uploads\/A60283D9-52B1-4535-A8E3-15477CDD17FE.jpeg 963w, https:\/\/www.motorsport-kaefer.de\/wp-content\/uploads\/A60283D9-52B1-4535-A8E3-15477CDD17FE-154x300.jpeg 154w, https:\/\/www.motorsport-kaefer.de\/wp-content\/uploads\/A60283D9-52B1-4535-A8E3-15477CDD17FE-768x1491.jpeg 768w, https:\/\/www.motorsport-kaefer.de\/wp-content\/uploads\/A60283D9-52B1-4535-A8E3-15477CDD17FE-527x1024.jpeg 527w\" sizes=\"(max-width: 767px) 89vw, (max-width: 1000px) 54vw, (max-width: 1071px) 543px, 580px\" \/><\/p>\n<p><strong>Kurzhistorie:<\/strong><\/p>\n<p>Mitte der 80-iger Jahre gab es als sportautobegeisterten F\u00fchrerscheinneuling nur ein Traumauto:\u00a0<strong>Porsche 911 RS<\/strong> von 1973<\/p>\n<p>Somit war das Ziel gesteckt, doch leider unbezahlbar (heute noch unbezahlbarer &#8211; besser h\u00e4tte ich damals auf Kredit einen desolaten RS gekauft&#8230;). Der Lowbudget-Ersatz war von den Eckdaten schnell gefunden:\u00a0<strong>K\u00e4fer 1303 S <\/strong>von 1973<\/p>\n<p>Was fehlte war nur das &#8222;R&#8220; und einige Technikdaten: 2,7 l, 210 PS, Scheibenbremsen etc.. Doch kommt Zeit kommt Rat\u00a0<a href=\"http:\/\/www.motorsport-kaefer.de\/?page_id=31\">&#8230;<\/a><\/p>\n<p>In der Sturm und Drangzeit erstmal mit dem K\u00e4fer <a href=\"..\/?page_id=31\">erfolgreich Motorsport<\/a> betrieben,<\/p>\n<table border=\"0\">\n<tbody>\n<tr>\n<td>\n<p style=\"text-align: left;\"><a href=\"http:\/\/www.motorsport-kaefer.de\/wp-content\/uploads\/1988-Slalom-Porz-41.jpg\"><img loading=\"lazy\" class=\"alignright size-medium wp-image-442\" title=\"1988 Slalom Porz 4\" src=\"http:\/\/www.motorsport-kaefer.de\/wp-content\/uploads\/1988-Slalom-Porz-41-300x200.jpg\" alt=\"\" width=\"308\" height=\"205\" srcset=\"https:\/\/www.motorsport-kaefer.de\/wp-content\/uploads\/1988-Slalom-Porz-41-300x200.jpg 300w, https:\/\/www.motorsport-kaefer.de\/wp-content\/uploads\/1988-Slalom-Porz-41.jpg 504w\" sizes=\"(max-width: 308px) 100vw, 308px\" \/><\/a><\/p>\n<\/td>\n<td>\n<p style=\"text-align: left;\"><em><a href=\"http:\/\/www.motorsport-kaefer.de\/wp-content\/uploads\/1990-Pokale1.jpg\"><img loading=\"lazy\" class=\"alignleft size-medium wp-image-441\" title=\"1990 Pokale\" src=\"http:\/\/www.motorsport-kaefer.de\/wp-content\/uploads\/1990-Pokale1-263x300.jpg\" alt=\"\" width=\"263\" height=\"300\" srcset=\"https:\/\/www.motorsport-kaefer.de\/wp-content\/uploads\/1990-Pokale1-263x300.jpg 263w, https:\/\/www.motorsport-kaefer.de\/wp-content\/uploads\/1990-Pokale1.jpg 592w\" sizes=\"(max-width: 263px) 100vw, 263px\" \/><\/a><\/em><\/p>\n<\/td>\n<td>\u00a0<\/td>\n<\/tr>\n<\/tbody>\n<\/table>\n<p>folgten die (motorsportarmen) Aufbaujahre und zur Belohnung 1996 ein zeitgem\u00e4\u00dfer K\u00e4fer:\u00a0<strong style=\"text-align: center;\">964 C<\/strong><strong style=\"text-align: center;\">arrera 2<\/strong><\/p>\n<table border=\"0\">\n<tbody>\n<tr>\n<td>\u00a0<\/td>\n<td><a href=\"http:\/\/www.motorsport-kaefer.de\/wp-content\/uploads\/964_NBR.jpg\"><img loading=\"lazy\" class=\"alignleft size-medium wp-image-519\" title=\"964_NBR\" src=\"http:\/\/www.motorsport-kaefer.de\/wp-content\/uploads\/964_NBR-300x194.jpg\" alt=\"\" width=\"336\" height=\"217\" srcset=\"https:\/\/www.motorsport-kaefer.de\/wp-content\/uploads\/964_NBR-300x194.jpg 300w, https:\/\/www.motorsport-kaefer.de\/wp-content\/uploads\/964_NBR.jpg 393w\" sizes=\"(max-width: 336px) 100vw, 336px\" \/><\/a><\/td>\n<td><a href=\"http:\/\/www.motorsport-kaefer.de\/wp-content\/uploads\/964_seitl.jpg\"><img loading=\"lazy\" class=\"alignleft size-medium wp-image-520\" title=\"964_seitl\" src=\"http:\/\/www.motorsport-kaefer.de\/wp-content\/uploads\/964_seitl-300x225.jpg\" alt=\"\" width=\"300\" height=\"225\" srcset=\"https:\/\/www.motorsport-kaefer.de\/wp-content\/uploads\/964_seitl-300x225.jpg 300w, https:\/\/www.motorsport-kaefer.de\/wp-content\/uploads\/964_seitl.jpg 1024w\" sizes=\"(max-width: 300px) 100vw, 300px\" \/><\/a><\/td>\n<\/tr>\n<\/tbody>\n<\/table>\n<p>Auch der Porsche wird klassisch weiterentwickelt und regelm\u00e4ssig \u00fcber die Rennstrecke gejagt. Systematisch werden jedes Jahr die Schwachpunkte ausgemerzt und das Fahrzeug weiterentwickelt und feinabgestimmt (tuning in eigentlichen Sinne). Nachdem mein \u00b492 iger 964 Carrera 2 mittlerweile auf der Rennstrecke vielen aktuellen Sportwagen paroli bieten kann, suchte ich im Sommer 2010 eine Abwechselung.<\/p>\n<p>Obwohl wir, d.h. meine Freunde, mein K\u00e4fer und ich seit \u00fcber 25 Jahren schon viel Spa\u00df miteinander hatten, wurde durch Zufall 2010 bei einem auf den GP-Kurs N\u00fcrburgring ein neues Kapitel begonnen <a href=\"..\/?page_id=34\">&#8230;<\/a><\/p>\n<p style=\"text-align: left;\">Seitdem arbeitet das mittlerweile etwas ergraute und haar\u00e4rmere Team wieder gemeinsam an unserem K\u00e4fer, um den adip\u00f6sen und seelenlosen (weil meist nur gekaufen) Sportwagen <span style=\"text-decoration: underline;\">und<\/span> der heutigen (konsumtiven) Jugend zu zeigen, was frisiern wirklich ist&#8230;. n\u00e4mlich erst nachdenken, verstehen und dann schrauben &#8211; nicht umgekehrt. Teile kaufen und einbauen kann jeder &#8211;\u00a0 tunen hei\u00dft denken und die Erkentnisse auswerten, &#8230; abstimmen. Und nur dann kommt der Erfolg:<\/p>\n<p style=\"text-align: left;\"><strong>Fahrwerk-Motor-Fahrer m\u00fcssen eine Einheit werden<\/strong><\/p>\n<p style=\"text-align: left;\">Wir zeigen insbesondere auf den Seiten <a href=\"https:\/\/www.motorsport-kaefer.de\/?page_id=598\">Motorentwicklung<\/a>, <a href=\"https:\/\/www.motorsport-kaefer.de\/?page_id=1665\">Leistungspr\u00fcfstand<\/a> und <a href=\"https:\/\/www.motorsport-kaefer.de\/?page_id=206\">Fahrwerk, Bremsen &amp;Co.<\/a> was das in der Praxis hei\u00dft und wie es geht. Jedes Jahr ein weiterer Schritt. Im Winter die Technik, ab Mai dann schwerpunktm\u00e4\u00dfig die Ergebnisse auf Pr\u00fcfstand und Rennstrecke.<\/p>\n<p style=\"text-align: left;\">Wir freuen uns \u00fcber Anregungen und konstruktive Kritik.<\/p>\n<p style=\"text-align: left;\">Viele Gr\u00fc\u00dfe, Markus<\/p>\n<p style=\"text-align: left;\">E-Mail: info@motorsport-kaefer.de<\/p>\n\n\n<figure class=\"wp-block-image\"><img src=\"blob:https:\/\/www.motorsport-kaefer.de\/86191c0c-3100-4e31-beac-df00580d3ef6\" alt=\"\"\/><\/figure>\n","protected":false},"excerpt":{"rendered":"<p>Der VW-K\u00e4fer ist die Automobillegende, den VW-K\u00e4fer zu frisieren (neudeutsch auch K\u00e4fertuning genannt) ist seit \u00fcber 50 Jahren ein weltweit beliebtes und spassiges Hobby. motorsport-kaefer.de berichtet \u00fcber ein weiteres von \u00fcber 21,5 Millionen Exemplaren und zeigt damit abermals das enorme Potential dieser uralten Porsche-Konstruktion. Einen, im Sinne der Konstrukteursfamilie Porsche konzipierten VW K\u00e4fers, der seit &hellip; <\/p>\n<p class=\"link-more\"><a href=\"https:\/\/www.motorsport-kaefer.de\/\" class=\"more-link\"><span class=\"screen-reader-text\">\u201eK\u00e4fer frisieren\u201c<\/span> weiterlesen<\/a><\/p>\n","protected":false},"author":3,"featured_media":0,"parent":0,"menu_order":1,"comment_status":"closed","ping_status":"closed","template":"","meta":[],"_links":{"self":[{"href":"https:\/\/www.motorsport-kaefer.de\/index.php?rest_route=\/wp\/v2\/pages\/13"}],"collection":[{"href":"https:\/\/www.motorsport-kaefer.de\/index.php?rest_route=\/wp\/v2\/pages"}],"about":[{"href":"https:\/\/www.motorsport-kaefer.de\/index.php?rest_route=\/wp\/v2\/types\/page"}],"author":[{"embeddable":true,"href":"https:\/\/www.motorsport-kaefer.de\/index.php?rest_route=\/wp\/v2\/users\/3"}],"replies":[{"embeddable":true,"href":"https:\/\/www.motorsport-kaefer.de\/index.php?rest_route=%2Fwp%2Fv2%2Fcomments&post=13"}],"version-history":[{"count":170,"href":"https:\/\/www.motorsport-kaefer.de\/index.php?rest_route=\/wp\/v2\/pages\/13\/revisions"}],"predecessor-version":[{"id":1718,"href":"https:\/\/www.motorsport-kaefer.de\/index.php?rest_route=\/wp\/v2\/pages\/13\/revisions\/1718"}],"wp:attachment":[{"href":"https:\/\/www.motorsport-kaefer.de\/index.php?rest_route=%2Fwp%2Fv2%2Fmedia&parent=13"}],"curies":[{"name":"wp","href":"https:\/\/api.w.org\/{rel}","templated":true}]}}