{"id":1235,"date":"2019-03-13T23:27:15","date_gmt":"2019-03-13T22:27:15","guid":{"rendered":"https:\/\/www.motorsport-kaefer.de\/?page_id=1235"},"modified":"2019-04-28T17:25:58","modified_gmt":"2019-04-28T15:25:58","slug":"sportwagenjaeger","status":"publish","type":"page","link":"https:\/\/www.motorsport-kaefer.de\/?page_id=1235","title":{"rendered":"Sportwagenj\u00e4ger ab 2012"},"content":{"rendered":"\n<h3>N\u00fcrburgring 2018<\/h3>\n\n\n\n<figure class=\"wp-block-embed-facebook wp-block-embed is-type-video is-provider-facebook\"><div class=\"wp-block-embed__wrapper\">\nhttps:\/\/www.facebook.com\/1769911499900344\/videos\/2676971102527708\/\n<\/div><figcaption> <br>&#8230; entspanntes Fahren im K\u00e4fer &#8211; ohne ABS, ESP, PDK etc. &#8211; , um(n\u00fcrburg)ringt von modernen Tracktools&nbsp;&#x1f609;&#x1f60e;, die sich wieder sehr gewundert haben&nbsp;&#x1f602;&#x1f602;&#x1f602;, der Schl\u00fcsselanh\u00e4nger zeigt, dass es keine Kaffeefahrt ist (1,1-1,3g&nbsp;&#x1f44c;)&#x1f633; <\/figcaption><\/figure>\n\n\n\n<figure class=\"wp-block-embed-facebook wp-block-embed is-type-video is-provider-facebook\"><div class=\"wp-block-embed__wrapper\">\nhttps:\/\/www.facebook.com\/1769911499900344\/videos\/2678275465730605\/\n<\/div><figcaption> <br>Trackday auf dem N\u00fcrburgring GP-Kurs am Dienstag: Der Rote f\u00fchlt sich zwischen den modernen Sportwagen zwar sehr wohl&nbsp;&#x1f609;&#x1f60e;, wartet aber auf eine freie Runde f\u00fcr die pers\u00f6nliche Bestzeitjagt&#x1f644;&#8230;. <\/figcaption><\/figure>\n\n\n\n<figure class=\"wp-block-image\"><img loading=\"lazy\" width=\"1024\" height=\"645\" src=\"https:\/\/www.motorsport-kaefer.de\/wp-content\/uploads\/DBAA61FA-0A69-4579-BA90-44B466C1D37F-1024x645.jpeg\" alt=\"\" class=\"wp-image-1248\" srcset=\"https:\/\/www.motorsport-kaefer.de\/wp-content\/uploads\/DBAA61FA-0A69-4579-BA90-44B466C1D37F-1024x645.jpeg 1024w, https:\/\/www.motorsport-kaefer.de\/wp-content\/uploads\/DBAA61FA-0A69-4579-BA90-44B466C1D37F-300x189.jpeg 300w, https:\/\/www.motorsport-kaefer.de\/wp-content\/uploads\/DBAA61FA-0A69-4579-BA90-44B466C1D37F-768x484.jpeg 768w, https:\/\/www.motorsport-kaefer.de\/wp-content\/uploads\/DBAA61FA-0A69-4579-BA90-44B466C1D37F-476x300.jpeg 476w, https:\/\/www.motorsport-kaefer.de\/wp-content\/uploads\/DBAA61FA-0A69-4579-BA90-44B466C1D37F.jpeg 1132w\" sizes=\"(max-width: 767px) 89vw, (max-width: 1000px) 54vw, (max-width: 1071px) 543px, 580px\" \/><figcaption>N\u00fcrburgring 2018<\/figcaption><\/figure>\n\n\n\n<h3>Meppen 2017<\/h3>\n\n\n\n<figure class=\"wp-block-embed-facebook wp-block-embed is-type-video is-provider-facebook\"><div class=\"wp-block-embed__wrapper\">\nhttps:\/\/www.facebook.com\/1769911499900344\/videos\/2462466103978210?sfns=mo\n<\/div><figcaption> <br>K\u00e4fer Trackday in Meppen: Racing pur, mit Dreher und allem was dazugeh\u00f6rt &#8230; Schlaltdrehzahl liegt bei 7350 U\/min&nbsp;&#x1f608;&nbsp;mit Zentralnockenwelle wie bei der Corvette <\/figcaption><\/figure>\n\n\n\n<h3>N\u00fcrburgring 2016<\/h3>\n\n\n\n<figure class=\"wp-block-embed-facebook wp-block-embed is-type-video is-provider-facebook\"><div class=\"wp-block-embed__wrapper\">\nhttps:\/\/www.facebook.com\/1769911499900344\/videos\/2089777434580414\/\n<\/div><figcaption> <br>neulich am N\u00fcrburgring&nbsp;&#x1f609; <\/figcaption><\/figure>\n\n\n\n<figure class=\"wp-block-embed-facebook wp-block-embed is-type-video is-provider-facebook\"><div class=\"wp-block-embed__wrapper\">\nhttps:\/\/www.facebook.com\/1769911499900344\/videos\/2092961837595307\/\n<\/div><figcaption> <br>991 GT3 RS Battle&nbsp;&#x1f644;&#x1f60e;&nbsp;&#8230; ok. ich war langsamer auf den Geraden, aber lange dran &#8230;&#x1f608;&nbsp;brauche den 3,0 l, dann ist Schluss mit lustig&#8230; <\/figcaption><\/figure>\n\n\n\n<figure class=\"wp-block-embed-facebook wp-block-embed is-type-video is-provider-facebook\"><div class=\"wp-block-embed__wrapper\">\nhttps:\/\/www.facebook.com\/1769911499900344\/videos\/2089826901242134\/\n<\/div><figcaption> <br>eine Corvette C7 ist auf der Geraden deutlich schneller, aber zu schwer f\u00fcr die Mercedes-Arena&#8230;. die Fliehkr\u00e4fte machen dem Roten immer wieder den Weg frei&nbsp;&#x1f61c; <\/figcaption><\/figure>\n\n\n\n<figure class=\"wp-block-embed-facebook wp-block-embed is-type-video is-provider-facebook\"><div class=\"wp-block-embed__wrapper\">\nhttps:\/\/www.facebook.com\/1769911499900344\/videos\/2103009523257205\/\n<\/div><figcaption> <br>auch ein McLaren hatte so seine Probleme sich abzusetzen, mein Roter blieb 2 Rd. im R\u00fcckspiegel&nbsp;&#x1f60e;&#x1f609;, einige Porsche wurden gemeinsam &#8222;geparkt&#8220;&nbsp;&#x1f608; <\/figcaption><\/figure>\n\n\n\n<figure class=\"wp-block-image\"><img loading=\"lazy\" width=\"960\" height=\"720\" src=\"https:\/\/www.motorsport-kaefer.de\/wp-content\/uploads\/91371698-0023-45FB-BF12-462F78E3E7F8.jpeg\" alt=\"\" class=\"wp-image-1247\" srcset=\"https:\/\/www.motorsport-kaefer.de\/wp-content\/uploads\/91371698-0023-45FB-BF12-462F78E3E7F8.jpeg 960w, https:\/\/www.motorsport-kaefer.de\/wp-content\/uploads\/91371698-0023-45FB-BF12-462F78E3E7F8-300x225.jpeg 300w, https:\/\/www.motorsport-kaefer.de\/wp-content\/uploads\/91371698-0023-45FB-BF12-462F78E3E7F8-768x576.jpeg 768w, https:\/\/www.motorsport-kaefer.de\/wp-content\/uploads\/91371698-0023-45FB-BF12-462F78E3E7F8-400x300.jpeg 400w\" sizes=\"(max-width: 767px) 89vw, (max-width: 1000px) 54vw, (max-width: 1071px) 543px, 580px\" \/><figcaption>N\u00fcrburgring 2016<\/figcaption><\/figure>\n\n\n\n<figure class=\"wp-block-image\"><img loading=\"lazy\" width=\"1024\" height=\"768\" src=\"https:\/\/www.motorsport-kaefer.de\/wp-content\/uploads\/F8CCEA0F-6F46-459C-BEDF-E404845258FF-1024x768.jpeg\" alt=\"\" class=\"wp-image-1244\" srcset=\"https:\/\/www.motorsport-kaefer.de\/wp-content\/uploads\/F8CCEA0F-6F46-459C-BEDF-E404845258FF-1024x768.jpeg 1024w, https:\/\/www.motorsport-kaefer.de\/wp-content\/uploads\/F8CCEA0F-6F46-459C-BEDF-E404845258FF-300x225.jpeg 300w, https:\/\/www.motorsport-kaefer.de\/wp-content\/uploads\/F8CCEA0F-6F46-459C-BEDF-E404845258FF-768x576.jpeg 768w, https:\/\/www.motorsport-kaefer.de\/wp-content\/uploads\/F8CCEA0F-6F46-459C-BEDF-E404845258FF-400x300.jpeg 400w, https:\/\/www.motorsport-kaefer.de\/wp-content\/uploads\/F8CCEA0F-6F46-459C-BEDF-E404845258FF.jpeg 2048w\" sizes=\"(max-width: 767px) 89vw, (max-width: 1000px) 54vw, (max-width: 1071px) 543px, 580px\" \/><\/figure>\n\n\n\n<figure class=\"wp-block-image\"><img loading=\"lazy\" width=\"1024\" height=\"768\" src=\"https:\/\/www.motorsport-kaefer.de\/wp-content\/uploads\/8038076A-50C1-40B6-A049-22B7FDBD8894-1024x768.jpeg\" alt=\"\" class=\"wp-image-1246\" srcset=\"https:\/\/www.motorsport-kaefer.de\/wp-content\/uploads\/8038076A-50C1-40B6-A049-22B7FDBD8894-1024x768.jpeg 1024w, https:\/\/www.motorsport-kaefer.de\/wp-content\/uploads\/8038076A-50C1-40B6-A049-22B7FDBD8894-300x225.jpeg 300w, https:\/\/www.motorsport-kaefer.de\/wp-content\/uploads\/8038076A-50C1-40B6-A049-22B7FDBD8894-768x576.jpeg 768w, https:\/\/www.motorsport-kaefer.de\/wp-content\/uploads\/8038076A-50C1-40B6-A049-22B7FDBD8894-400x300.jpeg 400w, https:\/\/www.motorsport-kaefer.de\/wp-content\/uploads\/8038076A-50C1-40B6-A049-22B7FDBD8894.jpeg 2048w\" sizes=\"(max-width: 767px) 89vw, (max-width: 1000px) 54vw, (max-width: 1071px) 543px, 580px\" \/><\/figure>\n\n\n\n<figure class=\"wp-block-image\"><img loading=\"lazy\" width=\"1024\" height=\"768\" src=\"https:\/\/www.motorsport-kaefer.de\/wp-content\/uploads\/587FA529-D4CA-4B33-A319-E7F35AD3576E-1024x768.jpeg\" alt=\"\" class=\"wp-image-1245\" srcset=\"https:\/\/www.motorsport-kaefer.de\/wp-content\/uploads\/587FA529-D4CA-4B33-A319-E7F35AD3576E-1024x768.jpeg 1024w, https:\/\/www.motorsport-kaefer.de\/wp-content\/uploads\/587FA529-D4CA-4B33-A319-E7F35AD3576E-300x225.jpeg 300w, https:\/\/www.motorsport-kaefer.de\/wp-content\/uploads\/587FA529-D4CA-4B33-A319-E7F35AD3576E-768x576.jpeg 768w, https:\/\/www.motorsport-kaefer.de\/wp-content\/uploads\/587FA529-D4CA-4B33-A319-E7F35AD3576E-400x300.jpeg 400w, https:\/\/www.motorsport-kaefer.de\/wp-content\/uploads\/587FA529-D4CA-4B33-A319-E7F35AD3576E.jpeg 2048w\" sizes=\"(max-width: 767px) 89vw, (max-width: 1000px) 54vw, (max-width: 1071px) 543px, 580px\" \/><\/figure>\n\n\n\n<p><\/p>\n","protected":false},"excerpt":{"rendered":"<p>N\u00fcrburgring 2018 Meppen 2017 N\u00fcrburgring 2016<\/p>\n","protected":false},"author":2,"featured_media":0,"parent":31,"menu_order":90,"comment_status":"closed","ping_status":"closed","template":"","meta":[],"_links":{"self":[{"href":"https:\/\/www.motorsport-kaefer.de\/index.php?rest_route=\/wp\/v2\/pages\/1235"}],"collection":[{"href":"https:\/\/www.motorsport-kaefer.de\/index.php?rest_route=\/wp\/v2\/pages"}],"about":[{"href":"https:\/\/www.motorsport-kaefer.de\/index.php?rest_route=\/wp\/v2\/types\/page"}],"author":[{"embeddable":true,"href":"https:\/\/www.motorsport-kaefer.de\/index.php?rest_route=\/wp\/v2\/users\/2"}],"replies":[{"embeddable":true,"href":"https:\/\/www.motorsport-kaefer.de\/index.php?rest_route=%2Fwp%2Fv2%2Fcomments&post=1235"}],"version-history":[{"count":13,"href":"https:\/\/www.motorsport-kaefer.de\/index.php?rest_route=\/wp\/v2\/pages\/1235\/revisions"}],"predecessor-version":[{"id":1716,"href":"https:\/\/www.motorsport-kaefer.de\/index.php?rest_route=\/wp\/v2\/pages\/1235\/revisions\/1716"}],"up":[{"embeddable":true,"href":"https:\/\/www.motorsport-kaefer.de\/index.php?rest_route=\/wp\/v2\/pages\/31"}],"wp:attachment":[{"href":"https:\/\/www.motorsport-kaefer.de\/index.php?rest_route=%2Fwp%2Fv2%2Fmedia&parent=1235"}],"curies":[{"name":"wp","href":"https:\/\/api.w.org\/{rel}","templated":true}]}}